{"id":1457,"date":"2024-08-19T13:24:23","date_gmt":"2024-08-19T13:24:23","guid":{"rendered":"https:\/\/www.foerst-simulators.com\/?page_id=1457"},"modified":"2025-11-11T13:50:39","modified_gmt":"2025-11-11T13:50:39","slug":"anwendungsgebiete-foerst-fahrsimulatoren","status":"publish","type":"page","link":"https:\/\/www.foerst-simulators.com\/de\/anwendungsgebiete-foerst-fahrsimulatoren","title":{"rendered":"Anwendungsgebiete foerst fahrsimulatoren"},"content":{"rendered":"\n    <div class=\"heyflow__container\"\n        >\n        <div class=\"heyflow__wrap\">\n            <svg class=\"heyflow__svg-top\" xmlns=\"http:\/\/www.w3.org\/2000\/svg\"\n                 width=\"192\" height=\"89\" viewBox=\"0 0 192 89\" fill=\"none\">\n                <path d=\"M192 0L176 58.6667L154.323 39.3627L175.128 17.4053L147.24\n                     36.6773L128 32L192 0ZM152 44.448V64L160.688 52.184L152 44.448Z\"\n                      fill=\"#0064E0\"\/>\n                <path d=\"M150.399 66.4C146.399 80.2666 107.599 99.6 84.7992\n                         75.6C61.608 51.1881 7.86589 52.1333 1.19922 55.5999\"\n                      stroke=\"#1D242A\" stroke-width=\"3\" stroke-dasharray=\"6 6\"\/>\n            <\/svg>\n\n            <svg class=\"heyflow__svg-top-mob\" xmlns=\"http:\/\/www.w3.org\/2000\/svg\"\n                 width=\"105\" height=\"56\" viewBox=\"0 0 105 56\" fill=\"none\">\n                <path d=\"M105 0L95 36.6667L81.4517 24.6017L94.455 10.8783L77.025\n                         22.9233L65 20L105 0ZM80 27.78V40L85.43 32.615L80 27.78Z\"\n                      fill=\"#0064E0\"\/>\n                <path d=\"M78.9997 41.5001C76.4997 50.1668 52.2497 62.2501 37.9997\n                         47.2501C23.5052 31.9927 5.5944 36.762 1.42773 38.9287\"\n                      stroke=\"#1D242A\" stroke-width=\"3\" stroke-dasharray=\"6 6\"\/>\n            <\/svg>\n\n            \n                <heyflow-wrapper flow-id=\"foerst-simulators\" dynamic-height scroll-up-on-navigation style-config='{\"width\": \"100%\"}'><\/heyflow-wrapper>            \n\n            \n\n            <svg class=\"heyflow__svg-bottom\" xmlns=\"http:\/\/www.w3.org\/2000\/svg\"\n                 width=\"142\" height=\"60\" viewBox=\"0 0 142 60\" fill=\"none\">\n                <path d=\"M36.3641 6.91351L8.68582 17.5586L0.777858 47.0715L47.1423 59.4948L55.0503 29.9819L36.3641\n                     6.91351ZM35.0864 11.6896L50.3231 30.5001L34.9371 35.8771L30.3255 29.5271L23.1562 32.7225L12.5167\n                     20.3699L35.0864 11.6896ZM10.9267 24.6502L19.3425 34.4213L6.81254 40.0046L10.9267 24.6502ZM6.59253\n                     44.4884L28.9931 34.4997L43.3982 54.3504L6.59253 44.4884ZM45.4496 50.3573L37.3894 39.259L49.5638\n                     35.003L45.4496 50.3573Z\"\n                      fill=\"#0064E0\"\/>\n                <path d=\"M50.1168 18.5849C68.2952 7.03954 86.2779 9.63929 98.1365\n                     31.4518C110.199 53.6385 135.668 41.1755 141.171 39.9581\"\n                      stroke=\"#1D242A\" stroke-width=\"3\" stroke-dasharray=\"6 6\"\/>\n            <\/svg>\n\n            <svg class=\"heyflow__svg-bottom-mob\" xmlns=\"http:\/\/www.w3.org\/2000\/svg\"\n                 width=\"118\" height=\"49\" viewBox=\"0 0 118 49\" fill=\"none\">\n                <path d=\"M30.3024 5.17207L7.2372 14.043L0.647238 38.637L39.2843 48.9898L45.8742 24.3957L30.3024\n                         5.17207ZM29.2377 9.15211L41.9349 24.8275L29.1133 29.3084L25.2703 24.0168L19.2958\n                         26.6795L10.4296 16.3857L29.2377 9.15211ZM9.10463 19.9526L16.1178 28.0952L5.67614\n                         32.7479L9.10463 19.9526ZM5.4928 36.4845L24.1599 28.1606L36.1642 44.7028L5.4928 36.4845ZM37.8737\n                         41.3752L31.1568 32.1267L41.3022 28.5799L37.8737 41.3752Z\"\n                      fill=\"#0064E0\"\/>\n                <path d=\"M41.7644 14.8982C56.913 5.27709 71.8986 7.44355 81.7807\n                         25.6206C91.8325 44.1096 113.057 33.7237 117.643 32.7093\"\n                      stroke=\"#1D242A\" stroke-width=\"3\" stroke-dasharray=\"6 6\"\/>\n            <\/svg>\n\n        <\/div>\n    <\/div>\n\n\n\n\n<div class=\"wp-block-media-text has-media-on-the-right is-stacked-on-mobile\"><div class=\"wp-block-media-text__content\">\n<p><\/p>\n\n\n\n<h2 class=\"wp-block-heading has-text-align-left\">Einsatzbereiche der Fahrsimulatoren<\/h2>\n\n\n\n<ul class=\"wp-block-list checkbox-bullets\">\n<li>Fahrschulen<\/li>\n\n\n\n<li>Berufskraftfahrer-Aus- &amp; Weiterbildung<\/li>\n\n\n\n<li>Training von Einsatzfahrten <br>Polizei, Feuerwehr und Rettungsdienste<\/li>\n\n\n\n<li>Verkehrs\u00f6ffentlichkeitsarbeit<\/li>\n\n\n\n<li>Wissenschaftliche &amp; medizinische Untersuchungen<\/li>\n<\/ul>\n\n\n\n<div class=\"wp-block-buttons is-layout-flex wp-block-buttons-is-layout-flex\">\n<div class=\"wp-block-button\"><a class=\"wp-block-button__link wp-element-button\" href=\"https:\/\/www.foerst-simulators.com\/de\/katalog-pkw-simulator-fuer-fahrschulen\">Infos SimX PKW<\/a><\/div>\n<\/div>\n<\/div><figure class=\"wp-block-media-text__media\"><img loading=\"lazy\" decoding=\"async\" width=\"1024\" height=\"1024\" src=\"https:\/\/media.foerst-simulators.com\/wp-content\/uploads\/2024\/08\/11100213\/sim-pkw-lenkrad-1024x1024.jpg\" alt=\"\" class=\"wp-image-2117 size-full\" srcset=\"https:\/\/media.foerst-simulators.com\/wp-content\/uploads\/2024\/08\/11100213\/sim-pkw-lenkrad-1024x1024.jpg 1024w, https:\/\/media.foerst-simulators.com\/wp-content\/uploads\/2024\/08\/11100213\/sim-pkw-lenkrad-300x300.jpg 300w, https:\/\/media.foerst-simulators.com\/wp-content\/uploads\/2024\/08\/11100213\/sim-pkw-lenkrad-150x150.jpg 150w, https:\/\/media.foerst-simulators.com\/wp-content\/uploads\/2024\/08\/11100213\/sim-pkw-lenkrad-768x768.jpg 768w, https:\/\/media.foerst-simulators.com\/wp-content\/uploads\/2024\/08\/11100213\/sim-pkw-lenkrad-12x12.jpg 12w, https:\/\/media.foerst-simulators.com\/wp-content\/uploads\/2024\/08\/11100213\/sim-pkw-lenkrad.jpg 1040w\" sizes=\"auto, (max-width: 1024px) 100vw, 1024px\" \/><\/figure><\/div>\n\n\n\n<div class=\"wp-block-media-text is-stacked-on-mobile\"><figure class=\"wp-block-media-text__media\"><img loading=\"lazy\" decoding=\"async\" width=\"1024\" height=\"1024\" src=\"https:\/\/media.foerst-simulators.com\/wp-content\/uploads\/2025\/11\/10134523\/sim-pkw-features-1024x1024.webp\" alt=\"\" class=\"wp-image-2096 size-full\" srcset=\"https:\/\/media.foerst-simulators.com\/wp-content\/uploads\/2025\/11\/10134523\/sim-pkw-features-1024x1024.webp 1024w, https:\/\/media.foerst-simulators.com\/wp-content\/uploads\/2025\/11\/10134523\/sim-pkw-features-300x300.webp 300w, https:\/\/media.foerst-simulators.com\/wp-content\/uploads\/2025\/11\/10134523\/sim-pkw-features-150x150.webp 150w, https:\/\/media.foerst-simulators.com\/wp-content\/uploads\/2025\/11\/10134523\/sim-pkw-features-768x768.webp 768w, https:\/\/media.foerst-simulators.com\/wp-content\/uploads\/2025\/11\/10134523\/sim-pkw-features-12x12.webp 12w, https:\/\/media.foerst-simulators.com\/wp-content\/uploads\/2025\/11\/10134523\/sim-pkw-features.webp 1040w\" sizes=\"auto, (max-width: 1024px) 100vw, 1024px\" \/><\/figure><div class=\"wp-block-media-text__content\">\n<p class=\"subline\">Effizientes und sicheres Fahrtraining f\u00fcr Anf\u00e4nger<\/p>\n\n\n\n<h2 class=\"wp-block-heading\">Fahrschulen <\/h2>\n\n\n\n<p>Fahrsimulatoren finden in Fahrschulen vielseitige Einsatzm\u00f6glichkeiten, um den Lernprozess f\u00fcr Fahrsch\u00fcler sicherer und effektiver zu gestalten. Sie erm\u00f6glichen es, Fahranf\u00e4ngern in einer kontrollierten Umgebung grundlegende Fahrtechniken zu erlernen, bevor sie auf der Stra\u00dfe fahren. <br><br>Entdecke das Besondere an Foerst Fahrsimulatoren: &#8222;SimX Innovation&#8220;<\/p>\n\n\n\n<div class=\"wp-block-buttons is-layout-flex wp-block-buttons-is-layout-flex\">\n<div class=\"wp-block-button\"><a class=\"wp-block-button__link wp-element-button\" href=\"https:\/\/www.foerst-simulators.com\/fahrsimulator-angebot-anfragen\">Angebot anfragen <\/a><\/div>\n\n\n\n<div class=\"wp-block-button\"><a class=\"wp-block-button__link wp-element-button\" href=\"https:\/\/www.foerst-simulators.com\/simx-innovation\">SimX Innovation<\/a><\/div>\n<\/div>\n<\/div><\/div>\n\n\n\n<div class=\"wp-block-media-text has-media-on-the-right is-stacked-on-mobile\"><div class=\"wp-block-media-text__content\">\n<p class=\"subline\">Realistische Szenarien zur F\u00f6rderung von Verkehrssicherheit<\/p>\n\n\n\n<h2 class=\"wp-block-heading has-text-align-left\">Verkehrs\u00f6ffentlichkeitsarbeit<\/h2>\n\n\n\n<p>Ein mangelndes Problembewusstsein und eine \u00fcbertriebene Selbsteinsch\u00e4tzung sind wesentliche Gr\u00fcnde f\u00fcr fehlerhaftes Verhalten im Stra\u00dfenverkehr, insbesondere bei jungen Menschen. Um diesem Problem entgegenzuwirken, k\u00f6nnen <strong>Landesverkehrswachten, Berufsgenossenschaften, Automobilclubs und Verb\u00e4nde<\/strong> ihren Fahrsimulator als Teil ihrer \u00d6ffentlichkeitsarbeit nutzen.<\/p>\n\n\n\n<div class=\"wp-block-buttons is-layout-flex wp-block-buttons-is-layout-flex\">\n<div class=\"wp-block-button\"><a class=\"wp-block-button__link wp-element-button\" href=\"https:\/\/www.foerst-simulators.com\/fahrsimulator-angebot-anfragen\">Angebot anfragen <\/a><\/div>\n\n\n\n<div class=\"wp-block-button\"><a class=\"wp-block-button__link wp-element-button\" href=\"https:\/\/www.foerst-simulators.com\/de\/katalog-verkehrsoeffentlichkeitsarbeit\">Mehr Infos<\/a><\/div>\n<\/div>\n<\/div><figure class=\"wp-block-media-text__media\"><img loading=\"lazy\" decoding=\"async\" width=\"1024\" height=\"1024\" src=\"https:\/\/media.foerst-simulators.com\/wp-content\/uploads\/2024\/08\/12094640\/shutterstock_1980214928_2-1024x1024.jpg\" alt=\"\" class=\"wp-image-1257 size-full\" srcset=\"https:\/\/media.foerst-simulators.com\/wp-content\/uploads\/2024\/08\/12094640\/shutterstock_1980214928_2-1024x1024.jpg 1024w, https:\/\/media.foerst-simulators.com\/wp-content\/uploads\/2024\/08\/12094640\/shutterstock_1980214928_2-300x300.jpg 300w, https:\/\/media.foerst-simulators.com\/wp-content\/uploads\/2024\/08\/12094640\/shutterstock_1980214928_2-150x150.jpg 150w, https:\/\/media.foerst-simulators.com\/wp-content\/uploads\/2024\/08\/12094640\/shutterstock_1980214928_2-768x768.jpg 768w, https:\/\/media.foerst-simulators.com\/wp-content\/uploads\/2024\/08\/12094640\/shutterstock_1980214928_2-1536x1536.jpg 1536w, https:\/\/media.foerst-simulators.com\/wp-content\/uploads\/2024\/08\/12094640\/shutterstock_1980214928_2-2048x2048.jpg 2048w\" sizes=\"auto, (max-width: 1024px) 100vw, 1024px\" \/><\/figure><\/div>\n\n\n\n<div class=\"wp-block-media-text is-stacked-on-mobile\"><figure class=\"wp-block-media-text__media\"><img loading=\"lazy\" decoding=\"async\" width=\"1024\" height=\"681\" src=\"https:\/\/media.foerst-simulators.com\/wp-content\/uploads\/2024\/08\/19142130\/shutterstock_2460008593-1024x681.jpg\" alt=\"\" class=\"wp-image-1477 size-full\" srcset=\"https:\/\/media.foerst-simulators.com\/wp-content\/uploads\/2024\/08\/19142130\/shutterstock_2460008593-1024x681.jpg 1024w, https:\/\/media.foerst-simulators.com\/wp-content\/uploads\/2024\/08\/19142130\/shutterstock_2460008593-300x200.jpg 300w, https:\/\/media.foerst-simulators.com\/wp-content\/uploads\/2024\/08\/19142130\/shutterstock_2460008593-768x511.jpg 768w, https:\/\/media.foerst-simulators.com\/wp-content\/uploads\/2024\/08\/19142130\/shutterstock_2460008593-1536x1022.jpg 1536w, https:\/\/media.foerst-simulators.com\/wp-content\/uploads\/2024\/08\/19142130\/shutterstock_2460008593-2048x1363.jpg 2048w\" sizes=\"auto, (max-width: 1024px) 100vw, 1024px\" \/><\/figure><div class=\"wp-block-media-text__content\">\n<p class=\"subline\">Optimierte Trainingsl\u00f6sungen mit Foerst Fahrsimulatoren<\/p>\n\n\n\n<h2 class=\"wp-block-heading has-text-align-left\">Berufskraftfahrer Aus- &amp; Weiterbildung<\/h2>\n\n\n\n<p class=\"has-text-align-left\">Fahrsimulatoren revolutionieren die Berufskraftfahrerausbildung: Sie erm\u00f6glichen es, gef\u00e4hrliche Verkehrssituationen realistisch und sicher zu trainieren. In praxisnahen Simulationen lernen angehende Berufskraftfahrer, Stresssituationen zu meistern, ihre Reaktionsf\u00e4higkeit zu verbessern und kritische Man\u00f6ver sicher auszuf\u00fchren.<\/p>\n\n\n\n<p><\/p>\n\n\n\n<div class=\"wp-block-buttons is-layout-flex wp-block-buttons-is-layout-flex\">\n<div class=\"wp-block-button\"><a class=\"wp-block-button__link wp-element-button\" href=\"https:\/\/www.foerst-simulators.com\/fahrsimulator-angebot-anfragen\">Angebot anfragen<\/a><\/div>\n\n\n\n<div class=\"wp-block-button is-style-outline is-style-outline--1\"><a class=\"wp-block-button__link wp-element-button\" href=\"https:\/\/www.foerst-simulators.com\/de\/uebungsuebersicht-lkw-bus\">Mehr Infos<\/a><\/div>\n<\/div>\n<\/div><\/div>\n\n\n\n<div class=\"wp-block-media-text has-media-on-the-right is-stacked-on-mobile\"><div class=\"wp-block-media-text__content\">\n<p class=\"subline\">Spezielle Fahrsimulatoren f\u00fcr Rettungs- und Einsatzkr\u00e4fte<\/p>\n\n\n\n<h2 class=\"wp-block-heading\">Training von Einsatzfahrten <\/h2>\n\n\n\n<p>Fahrsimulatoren sind ein unverzichtbares Werkzeug f\u00fcr die Ausbildung von Einsatzkr\u00e4ften wie Polizei, Rettungsdienst und Feuerwehr. Sie erm\u00f6glichen es, riskante Einsatzfahrten unter realit\u00e4tsnahen Bedingungen zu trainieren \u2013 von Hochgeschwindigkeitseins\u00e4tzen bis hin zu kritischen Ausweichman\u00f6vern im dichten Verkehr. So werden Stressresistenz, Reaktionsf\u00e4higkeit und das sichere Beherrschen des Fahrzeugs geschult, ohne die Gefahren des echten Stra\u00dfenverkehrs. Damit sind Fahrsimulatoren ein entscheidender Faktor f\u00fcr die Vorbereitung auf den Ernstfall und tragen zur Sicherheit von Einsatzkr\u00e4ften und der \u00d6ffentlichkeit bei.<\/p>\n\n\n\n<div class=\"wp-block-buttons is-layout-flex wp-block-buttons-is-layout-flex\">\n<div class=\"wp-block-button\"><a class=\"wp-block-button__link wp-element-button\" href=\"https:\/\/www.foerst-simulators.com\/fahrsimulator-angebot-anfragen\">Angebot anfragen<\/a><\/div>\n\n\n\n<div class=\"wp-block-button is-style-outline is-style-outline--2\"><a class=\"wp-block-button__link wp-element-button\" href=\"https:\/\/www.foerst-simulators.com\/de\/fahrsimulator-fuer-einsatzfahrtentraining\">Mehr Infos<\/a><\/div>\n<\/div>\n<\/div><figure class=\"wp-block-media-text__media\"><img loading=\"lazy\" decoding=\"async\" width=\"1024\" height=\"683\" src=\"https:\/\/media.foerst-simulators.com\/wp-content\/uploads\/2024\/08\/19142053\/shutterstock_1132616528-1024x683.jpg\" alt=\"\" class=\"wp-image-1475 size-full\" srcset=\"https:\/\/media.foerst-simulators.com\/wp-content\/uploads\/2024\/08\/19142053\/shutterstock_1132616528-1024x683.jpg 1024w, https:\/\/media.foerst-simulators.com\/wp-content\/uploads\/2024\/08\/19142053\/shutterstock_1132616528-300x200.jpg 300w, https:\/\/media.foerst-simulators.com\/wp-content\/uploads\/2024\/08\/19142053\/shutterstock_1132616528-768x512.jpg 768w, https:\/\/media.foerst-simulators.com\/wp-content\/uploads\/2024\/08\/19142053\/shutterstock_1132616528-1536x1024.jpg 1536w, https:\/\/media.foerst-simulators.com\/wp-content\/uploads\/2024\/08\/19142053\/shutterstock_1132616528-2048x1365.jpg 2048w\" sizes=\"auto, (max-width: 1024px) 100vw, 1024px\" \/><\/figure><\/div>\n\n\n\n<div class=\"wp-block-media-text is-stacked-on-mobile\"><figure class=\"wp-block-media-text__media\"><img loading=\"lazy\" decoding=\"async\" width=\"1024\" height=\"683\" src=\"https:\/\/media.foerst-simulators.com\/wp-content\/uploads\/2024\/08\/19135244\/shutterstock_2284999789-1024x683.jpg\" alt=\"\" class=\"wp-image-1462 size-full\" srcset=\"https:\/\/media.foerst-simulators.com\/wp-content\/uploads\/2024\/08\/19135244\/shutterstock_2284999789-1024x683.jpg 1024w, https:\/\/media.foerst-simulators.com\/wp-content\/uploads\/2024\/08\/19135244\/shutterstock_2284999789-300x200.jpg 300w, https:\/\/media.foerst-simulators.com\/wp-content\/uploads\/2024\/08\/19135244\/shutterstock_2284999789-768x512.jpg 768w, https:\/\/media.foerst-simulators.com\/wp-content\/uploads\/2024\/08\/19135244\/shutterstock_2284999789-1536x1024.jpg 1536w, https:\/\/media.foerst-simulators.com\/wp-content\/uploads\/2024\/08\/19135244\/shutterstock_2284999789-2048x1365.jpg 2048w\" sizes=\"auto, (max-width: 1024px) 100vw, 1024px\" \/><\/figure><div class=\"wp-block-media-text__content\">\n<p class=\"subline\">Unterst\u00fctzung bei der Wiedererlangung der Fahrf\u00e4higkeit<\/p>\n\n\n\n<h2 class=\"wp-block-heading has-text-align-left\">Fahrsimulator f\u00fcr Medizin &amp; Reha<\/h2>\n\n\n\n<p class=\"has-text-align-left\">Erleben Sie das innovative Training am Fahrsimulator f\u00fcr Medizin und Rehabilitation! Unser Simulator bietet Patienten die M\u00f6glichkeit, K\u00f6rperkoordination sowie Konzentrations- und Reaktionsf\u00e4higkeiten gezielt zu schulen \u2013 ideal als Vorbereitung auf die R\u00fcckgewinnung der Fahrerlaubnis.<\/p>\n\n\n\n<div class=\"wp-block-buttons is-layout-flex wp-block-buttons-is-layout-flex\">\n<div class=\"wp-block-button\"><a class=\"wp-block-button__link wp-element-button\" href=\"https:\/\/www.foerst-simulators.com\/fahrsimulator-angebot-anfragen\">Angebot anfragen<\/a><\/div>\n\n\n\n<div class=\"wp-block-button is-style-outline is-style-outline--3\"><a class=\"wp-block-button__link wp-element-button\" href=\"https:\/\/www.foerst-simulators.com\/de\/medizin-und-reha\">Mehr Infos<\/a><\/div>\n<\/div>\n<\/div><\/div>\n","protected":false},"excerpt":{"rendered":"","protected":false},"author":3,"featured_media":0,"parent":0,"menu_order":0,"comment_status":"closed","ping_status":"closed","template":"","meta":{"_acf_changed":false,"footnotes":""},"class_list":["post-1457","page","type-page","status-publish","hentry"],"acf":[],"yoast_head":"<!-- This site is optimized with the Yoast SEO plugin v27.4 - https:\/\/yoast.com\/product\/yoast-seo-wordpress\/ -->\n<title>Anwendungsgebiete foerst fahrsimulatoren - Foerst Website<\/title>\n<meta name=\"robots\" content=\"index, follow, max-snippet:-1, max-image-preview:large, max-video-preview:-1\" \/>\n<link rel=\"canonical\" href=\"https:\/\/www.foerst-simulators.com\/de\/anwendungsgebiete-foerst-fahrsimulatoren\/\" \/>\n<meta property=\"og:locale\" content=\"de_DE\" \/>\n<meta property=\"og:type\" content=\"article\" \/>\n<meta property=\"og:title\" content=\"Anwendungsgebiete foerst fahrsimulatoren - Foerst Website\" \/>\n<meta property=\"og:url\" content=\"https:\/\/www.foerst-simulators.com\/de\/anwendungsgebiete-foerst-fahrsimulatoren\/\" \/>\n<meta property=\"og:site_name\" content=\"Foerst Website\" \/>\n<meta property=\"article:modified_time\" content=\"2025-11-11T13:50:39+00:00\" \/>\n<meta property=\"og:image\" content=\"https:\/\/www.foerst-simulators.com\/wp-content\/uploads\/2024\/08\/sim-pkw-lenkrad-1024x1024.jpg\" \/>\n<meta name=\"twitter:card\" content=\"summary_large_image\" \/>\n<meta name=\"twitter:label1\" content=\"Gesch\u00e4tzte Lesezeit\" \/>\n\t<meta name=\"twitter:data1\" content=\"3\u00a0Minuten\" \/>\n<script type=\"application\/ld+json\" class=\"yoast-schema-graph\">{\"@context\":\"https:\\\/\\\/schema.org\",\"@graph\":[{\"@type\":\"WebPage\",\"@id\":\"https:\\\/\\\/www.foerst-simulators.com\\\/anwendungsgebiete-foerst-fahrsimulatoren\",\"url\":\"https:\\\/\\\/www.foerst-simulators.com\\\/anwendungsgebiete-foerst-fahrsimulatoren\",\"name\":\"Anwendungsgebiete foerst fahrsimulatoren - Foerst Website\",\"isPartOf\":{\"@id\":\"https:\\\/\\\/www.foerst-simulators.com\\\/de\\\/#website\"},\"primaryImageOfPage\":{\"@id\":\"https:\\\/\\\/www.foerst-simulators.com\\\/anwendungsgebiete-foerst-fahrsimulatoren#primaryimage\"},\"image\":{\"@id\":\"https:\\\/\\\/www.foerst-simulators.com\\\/anwendungsgebiete-foerst-fahrsimulatoren#primaryimage\"},\"thumbnailUrl\":\"https:\\\/\\\/www.foerst-simulators.com\\\/wp-content\\\/uploads\\\/2024\\\/08\\\/sim-pkw-lenkrad-1024x1024.jpg\",\"datePublished\":\"2024-08-19T13:24:23+00:00\",\"dateModified\":\"2025-11-11T13:50:39+00:00\",\"breadcrumb\":{\"@id\":\"https:\\\/\\\/www.foerst-simulators.com\\\/anwendungsgebiete-foerst-fahrsimulatoren#breadcrumb\"},\"inLanguage\":\"de\",\"potentialAction\":[{\"@type\":\"ReadAction\",\"target\":[\"https:\\\/\\\/www.foerst-simulators.com\\\/anwendungsgebiete-foerst-fahrsimulatoren\"]}]},{\"@type\":\"ImageObject\",\"inLanguage\":\"de\",\"@id\":\"https:\\\/\\\/www.foerst-simulators.com\\\/anwendungsgebiete-foerst-fahrsimulatoren#primaryimage\",\"url\":\"https:\\\/\\\/www.foerst-simulators.com\\\/wp-content\\\/uploads\\\/2024\\\/08\\\/sim-pkw-lenkrad-1024x1024.jpg\",\"contentUrl\":\"https:\\\/\\\/www.foerst-simulators.com\\\/wp-content\\\/uploads\\\/2024\\\/08\\\/sim-pkw-lenkrad-1024x1024.jpg\"},{\"@type\":\"BreadcrumbList\",\"@id\":\"https:\\\/\\\/www.foerst-simulators.com\\\/anwendungsgebiete-foerst-fahrsimulatoren#breadcrumb\",\"itemListElement\":[{\"@type\":\"ListItem\",\"position\":1,\"name\":\"Home\",\"item\":\"https:\\\/\\\/www.foerst-simulators.com\\\/\"},{\"@type\":\"ListItem\",\"position\":2,\"name\":\"Anwendungsgebiete foerst fahrsimulatoren\"}]},{\"@type\":\"WebSite\",\"@id\":\"https:\\\/\\\/www.foerst-simulators.com\\\/de\\\/#website\",\"url\":\"https:\\\/\\\/www.foerst-simulators.com\\\/de\\\/\",\"name\":\"Foerst Website\",\"description\":\"\",\"potentialAction\":[{\"@type\":\"SearchAction\",\"target\":{\"@type\":\"EntryPoint\",\"urlTemplate\":\"https:\\\/\\\/www.foerst-simulators.com\\\/de\\\/?s={search_term_string}\"},\"query-input\":{\"@type\":\"PropertyValueSpecification\",\"valueRequired\":true,\"valueName\":\"search_term_string\"}}],\"inLanguage\":\"de\"}]}<\/script>\n<!-- \/ Yoast SEO plugin. -->","yoast_head_json":{"title":"Anwendungsgebiete foerst fahrsimulatoren - Foerst Website","robots":{"index":"index","follow":"follow","max-snippet":"max-snippet:-1","max-image-preview":"max-image-preview:large","max-video-preview":"max-video-preview:-1"},"canonical":"https:\/\/www.foerst-simulators.com\/de\/anwendungsgebiete-foerst-fahrsimulatoren\/","og_locale":"de_DE","og_type":"article","og_title":"Anwendungsgebiete foerst fahrsimulatoren - Foerst Website","og_url":"https:\/\/www.foerst-simulators.com\/de\/anwendungsgebiete-foerst-fahrsimulatoren\/","og_site_name":"Foerst Website","article_modified_time":"2025-11-11T13:50:39+00:00","og_image":[{"url":"https:\/\/www.foerst-simulators.com\/wp-content\/uploads\/2024\/08\/sim-pkw-lenkrad-1024x1024.jpg","type":"","width":"","height":""}],"twitter_card":"summary_large_image","twitter_misc":{"Gesch\u00e4tzte Lesezeit":"3\u00a0Minuten"},"schema":{"@context":"https:\/\/schema.org","@graph":[{"@type":"WebPage","@id":"https:\/\/www.foerst-simulators.com\/anwendungsgebiete-foerst-fahrsimulatoren","url":"https:\/\/www.foerst-simulators.com\/anwendungsgebiete-foerst-fahrsimulatoren","name":"Anwendungsgebiete foerst fahrsimulatoren - Foerst Website","isPartOf":{"@id":"https:\/\/www.foerst-simulators.com\/de\/#website"},"primaryImageOfPage":{"@id":"https:\/\/www.foerst-simulators.com\/anwendungsgebiete-foerst-fahrsimulatoren#primaryimage"},"image":{"@id":"https:\/\/www.foerst-simulators.com\/anwendungsgebiete-foerst-fahrsimulatoren#primaryimage"},"thumbnailUrl":"https:\/\/www.foerst-simulators.com\/wp-content\/uploads\/2024\/08\/sim-pkw-lenkrad-1024x1024.jpg","datePublished":"2024-08-19T13:24:23+00:00","dateModified":"2025-11-11T13:50:39+00:00","breadcrumb":{"@id":"https:\/\/www.foerst-simulators.com\/anwendungsgebiete-foerst-fahrsimulatoren#breadcrumb"},"inLanguage":"de","potentialAction":[{"@type":"ReadAction","target":["https:\/\/www.foerst-simulators.com\/anwendungsgebiete-foerst-fahrsimulatoren"]}]},{"@type":"ImageObject","inLanguage":"de","@id":"https:\/\/www.foerst-simulators.com\/anwendungsgebiete-foerst-fahrsimulatoren#primaryimage","url":"https:\/\/www.foerst-simulators.com\/wp-content\/uploads\/2024\/08\/sim-pkw-lenkrad-1024x1024.jpg","contentUrl":"https:\/\/www.foerst-simulators.com\/wp-content\/uploads\/2024\/08\/sim-pkw-lenkrad-1024x1024.jpg"},{"@type":"BreadcrumbList","@id":"https:\/\/www.foerst-simulators.com\/anwendungsgebiete-foerst-fahrsimulatoren#breadcrumb","itemListElement":[{"@type":"ListItem","position":1,"name":"Home","item":"https:\/\/www.foerst-simulators.com\/"},{"@type":"ListItem","position":2,"name":"Anwendungsgebiete foerst fahrsimulatoren"}]},{"@type":"WebSite","@id":"https:\/\/www.foerst-simulators.com\/de\/#website","url":"https:\/\/www.foerst-simulators.com\/de\/","name":"Foerst Website","description":"","potentialAction":[{"@type":"SearchAction","target":{"@type":"EntryPoint","urlTemplate":"https:\/\/www.foerst-simulators.com\/de\/?s={search_term_string}"},"query-input":{"@type":"PropertyValueSpecification","valueRequired":true,"valueName":"search_term_string"}}],"inLanguage":"de"}]}},"_links":{"self":[{"href":"https:\/\/www.foerst-simulators.com\/de\/wp-json\/wp\/v2\/pages\/1457","targetHints":{"allow":["GET"]}}],"collection":[{"href":"https:\/\/www.foerst-simulators.com\/de\/wp-json\/wp\/v2\/pages"}],"about":[{"href":"https:\/\/www.foerst-simulators.com\/de\/wp-json\/wp\/v2\/types\/page"}],"author":[{"embeddable":true,"href":"https:\/\/www.foerst-simulators.com\/de\/wp-json\/wp\/v2\/users\/3"}],"replies":[{"embeddable":true,"href":"https:\/\/www.foerst-simulators.com\/de\/wp-json\/wp\/v2\/comments?post=1457"}],"version-history":[{"count":32,"href":"https:\/\/www.foerst-simulators.com\/de\/wp-json\/wp\/v2\/pages\/1457\/revisions"}],"predecessor-version":[{"id":2146,"href":"https:\/\/www.foerst-simulators.com\/de\/wp-json\/wp\/v2\/pages\/1457\/revisions\/2146"}],"wp:attachment":[{"href":"https:\/\/www.foerst-simulators.com\/de\/wp-json\/wp\/v2\/media?parent=1457"}],"curies":[{"name":"wp","href":"https:\/\/api.w.org\/{rel}","templated":true}]}}