{"id":1556,"date":"2024-08-22T09:55:05","date_gmt":"2024-08-22T09:55:05","guid":{"rendered":"https:\/\/www.foerst-simulators.com\/?page_id=1556"},"modified":"2025-04-14T14:27:53","modified_gmt":"2025-04-14T14:27:53","slug":"foerst-danke-miete-kauf","status":"publish","type":"page","link":"https:\/\/www.foerst-simulators.com\/de\/foerst-danke-miete-kauf","title":{"rendered":"foerst danke miete kauf"},"content":{"rendered":"\n<h2 class=\"wp-block-heading has-text-align-center\"><br>Vielen Dank f\u00fcr Ihre <br>Miet- bzw. Kaufanfrage<\/h2>\n\n\n\n<p class=\"has-text-align-center\">Wir werden uns schnellstm\u00f6glich mit Ihnen in Verbindung setzen, <br>um die Details zu besprechen und  Ihnen ein <br><strong>ma\u00dfgeschneidertes Angebot <\/strong><br>zukommen zu lassen.<br><br>Ihr globaler Partner f\u00fcr Fahrsimulatoren,<br>Foerst GmbH<br><br><\/p>\n\n\n\n<div class=\"text-area-container full-width image-background \"\n     style=\"background-image: url(https:\/\/media.foerst-simulators.com\/wp-content\/uploads\/2024\/08\/23093348\/thank-you_1280_v2.png?format=webp);\" >\n    <div class=\"text-area_content\">\n        <div class=\"text-area_headlines\">\n\n            <h2 class=\"text-area_title\"><br \/>\r\n<br \/>\r\n<br \/>\r\n<br \/>\r\n<br \/>\r\n<\/h2>\n        <\/div>\n        <div class=\"text-area_paragraph\">\n                    <\/div>\n    <\/div>\n    <div class=\"text-area-buttons\">\n\n        \n    <\/div>\n<\/div>\n","protected":false},"excerpt":{"rendered":"<p>Vielen Dank f\u00fcr Ihre Miet- bzw. Kaufanfrage Wir werden uns schnellstm\u00f6glich mit Ihnen in Verbindung setzen, um die Details zu besprechen und Ihnen ein ma\u00dfgeschneidertes Angebot zukommen zu lassen. Ihr globaler Partner f\u00fcr Fahrsimulatoren,Foerst GmbH<\/p>\n","protected":false},"author":3,"featured_media":0,"parent":0,"menu_order":0,"comment_status":"closed","ping_status":"closed","template":"","meta":{"_acf_changed":false,"footnotes":""},"class_list":["post-1556","page","type-page","status-publish","hentry"],"acf":[],"yoast_head":"<!-- This site is optimized with the Yoast SEO plugin v27.4 - https:\/\/yoast.com\/product\/yoast-seo-wordpress\/ -->\n<title>foerst danke miete kauf - Foerst Website<\/title>\n<meta name=\"robots\" content=\"index, follow, max-snippet:-1, max-image-preview:large, max-video-preview:-1\" \/>\n<link rel=\"canonical\" href=\"https:\/\/www.foerst-simulators.com\/de\/foerst-danke-miete-kauf\" \/>\n<meta property=\"og:locale\" content=\"de_DE\" \/>\n<meta property=\"og:type\" content=\"article\" \/>\n<meta property=\"og:title\" content=\"foerst danke miete kauf - Foerst Website\" \/>\n<meta property=\"og:description\" content=\"Vielen Dank f\u00fcr Ihre Miet- bzw. Kaufanfrage Wir werden uns schnellstm\u00f6glich mit Ihnen in Verbindung setzen, um die Details zu besprechen und Ihnen ein ma\u00dfgeschneidertes Angebot zukommen zu lassen. Ihr globaler Partner f\u00fcr Fahrsimulatoren,Foerst GmbH\" \/>\n<meta property=\"og:url\" content=\"https:\/\/www.foerst-simulators.com\/de\/foerst-danke-miete-kauf\" \/>\n<meta property=\"og:site_name\" content=\"Foerst Website\" \/>\n<meta property=\"article:modified_time\" content=\"2025-04-14T14:27:53+00:00\" \/>\n<meta name=\"twitter:card\" content=\"summary_large_image\" \/>\n<meta name=\"twitter:label1\" content=\"Gesch\u00e4tzte Lesezeit\" \/>\n\t<meta name=\"twitter:data1\" content=\"1\u00a0Minute\" \/>\n<script type=\"application\/ld+json\" class=\"yoast-schema-graph\">{\"@context\":\"https:\\\/\\\/schema.org\",\"@graph\":[{\"@type\":\"WebPage\",\"@id\":\"https:\\\/\\\/www.foerst-simulators.com\\\/de\\\/foerst-danke-miete-kauf\",\"url\":\"https:\\\/\\\/www.foerst-simulators.com\\\/de\\\/foerst-danke-miete-kauf\",\"name\":\"foerst danke miete kauf - Foerst Website\",\"isPartOf\":{\"@id\":\"https:\\\/\\\/www.foerst-simulators.com\\\/de\\\/#website\"},\"datePublished\":\"2024-08-22T09:55:05+00:00\",\"dateModified\":\"2025-04-14T14:27:53+00:00\",\"breadcrumb\":{\"@id\":\"https:\\\/\\\/www.foerst-simulators.com\\\/de\\\/foerst-danke-miete-kauf#breadcrumb\"},\"inLanguage\":\"de\",\"potentialAction\":[{\"@type\":\"ReadAction\",\"target\":[\"https:\\\/\\\/www.foerst-simulators.com\\\/de\\\/foerst-danke-miete-kauf\"]}]},{\"@type\":\"BreadcrumbList\",\"@id\":\"https:\\\/\\\/www.foerst-simulators.com\\\/de\\\/foerst-danke-miete-kauf#breadcrumb\",\"itemListElement\":[{\"@type\":\"ListItem\",\"position\":1,\"name\":\"Home\",\"item\":\"https:\\\/\\\/www.foerst-simulators.com\\\/\"},{\"@type\":\"ListItem\",\"position\":2,\"name\":\"foerst danke miete kauf\"}]},{\"@type\":\"WebSite\",\"@id\":\"https:\\\/\\\/www.foerst-simulators.com\\\/de\\\/#website\",\"url\":\"https:\\\/\\\/www.foerst-simulators.com\\\/de\\\/\",\"name\":\"Foerst Website\",\"description\":\"\",\"potentialAction\":[{\"@type\":\"SearchAction\",\"target\":{\"@type\":\"EntryPoint\",\"urlTemplate\":\"https:\\\/\\\/www.foerst-simulators.com\\\/de\\\/?s={search_term_string}\"},\"query-input\":{\"@type\":\"PropertyValueSpecification\",\"valueRequired\":true,\"valueName\":\"search_term_string\"}}],\"inLanguage\":\"de\"}]}<\/script>\n<!-- \/ Yoast SEO plugin. -->","yoast_head_json":{"title":"foerst danke miete kauf - Foerst Website","robots":{"index":"index","follow":"follow","max-snippet":"max-snippet:-1","max-image-preview":"max-image-preview:large","max-video-preview":"max-video-preview:-1"},"canonical":"https:\/\/www.foerst-simulators.com\/de\/foerst-danke-miete-kauf","og_locale":"de_DE","og_type":"article","og_title":"foerst danke miete kauf - Foerst Website","og_description":"Vielen Dank f\u00fcr Ihre Miet- bzw. Kaufanfrage Wir werden uns schnellstm\u00f6glich mit Ihnen in Verbindung setzen, um die Details zu besprechen und Ihnen ein ma\u00dfgeschneidertes Angebot zukommen zu lassen. Ihr globaler Partner f\u00fcr Fahrsimulatoren,Foerst GmbH","og_url":"https:\/\/www.foerst-simulators.com\/de\/foerst-danke-miete-kauf","og_site_name":"Foerst Website","article_modified_time":"2025-04-14T14:27:53+00:00","twitter_card":"summary_large_image","twitter_misc":{"Gesch\u00e4tzte Lesezeit":"1\u00a0Minute"},"schema":{"@context":"https:\/\/schema.org","@graph":[{"@type":"WebPage","@id":"https:\/\/www.foerst-simulators.com\/de\/foerst-danke-miete-kauf","url":"https:\/\/www.foerst-simulators.com\/de\/foerst-danke-miete-kauf","name":"foerst danke miete kauf - Foerst Website","isPartOf":{"@id":"https:\/\/www.foerst-simulators.com\/de\/#website"},"datePublished":"2024-08-22T09:55:05+00:00","dateModified":"2025-04-14T14:27:53+00:00","breadcrumb":{"@id":"https:\/\/www.foerst-simulators.com\/de\/foerst-danke-miete-kauf#breadcrumb"},"inLanguage":"de","potentialAction":[{"@type":"ReadAction","target":["https:\/\/www.foerst-simulators.com\/de\/foerst-danke-miete-kauf"]}]},{"@type":"BreadcrumbList","@id":"https:\/\/www.foerst-simulators.com\/de\/foerst-danke-miete-kauf#breadcrumb","itemListElement":[{"@type":"ListItem","position":1,"name":"Home","item":"https:\/\/www.foerst-simulators.com\/"},{"@type":"ListItem","position":2,"name":"foerst danke miete kauf"}]},{"@type":"WebSite","@id":"https:\/\/www.foerst-simulators.com\/de\/#website","url":"https:\/\/www.foerst-simulators.com\/de\/","name":"Foerst Website","description":"","potentialAction":[{"@type":"SearchAction","target":{"@type":"EntryPoint","urlTemplate":"https:\/\/www.foerst-simulators.com\/de\/?s={search_term_string}"},"query-input":{"@type":"PropertyValueSpecification","valueRequired":true,"valueName":"search_term_string"}}],"inLanguage":"de"}]}},"_links":{"self":[{"href":"https:\/\/www.foerst-simulators.com\/de\/wp-json\/wp\/v2\/pages\/1556","targetHints":{"allow":["GET"]}}],"collection":[{"href":"https:\/\/www.foerst-simulators.com\/de\/wp-json\/wp\/v2\/pages"}],"about":[{"href":"https:\/\/www.foerst-simulators.com\/de\/wp-json\/wp\/v2\/types\/page"}],"author":[{"embeddable":true,"href":"https:\/\/www.foerst-simulators.com\/de\/wp-json\/wp\/v2\/users\/3"}],"replies":[{"embeddable":true,"href":"https:\/\/www.foerst-simulators.com\/de\/wp-json\/wp\/v2\/comments?post=1556"}],"version-history":[{"count":14,"href":"https:\/\/www.foerst-simulators.com\/de\/wp-json\/wp\/v2\/pages\/1556\/revisions"}],"predecessor-version":[{"id":1602,"href":"https:\/\/www.foerst-simulators.com\/de\/wp-json\/wp\/v2\/pages\/1556\/revisions\/1602"}],"wp:attachment":[{"href":"https:\/\/www.foerst-simulators.com\/de\/wp-json\/wp\/v2\/media?parent=1556"}],"curies":[{"name":"wp","href":"https:\/\/api.w.org\/{rel}","templated":true}]}}