{"id":410,"date":"2024-07-18T14:04:50","date_gmt":"2024-07-18T14:04:50","guid":{"rendered":"https:\/\/www.foerst-simulators.com\/?page_id=410"},"modified":"2025-04-14T14:27:53","modified_gmt":"2025-04-14T14:27:53","slug":"firmenhistorie","status":"publish","type":"page","link":"https:\/\/www.foerst-simulators.com\/de\/firmenhistorie","title":{"rendered":"Firmenhistorie"},"content":{"rendered":"\n<div class=\"hero-module-container hero-module-only-header\"\n    >\n    <div class=\"hero-module-content hero-module-only-header \">\n\n        \n        <h1 class=\"\">\n            Firmenhistorie Foerst        <\/h1>\n\n        \n    <\/div>\n\n    \n<\/div>\n\n\n\n<div class=\"wp-block-media-text has-media-on-the-right is-stacked-on-mobile\"><div class=\"wp-block-media-text__content\">\n<p class=\"subline\">Weltweite Expertise in Fahrsimulatoren und Verkehrssicherheit<\/p>\n\n\n\n<h2 class=\"wp-block-heading\">Globales Unternehmen <\/h2>\n\n\n\n<p>Heute beliefert Foerst Driving Simulators weltweit Unternehmen mit hochmodernen Fahrsimulatoren. Diese Simulatoren unterst\u00fctzen Unternehmen in der Ausbildung und Schulung von Fahrern, verbessern die Verkehrssicherheit und optimieren die Fahrpraxis. Mit innovativer Technologie und ma\u00dfgeschneiderten L\u00f6sungen setzt Foerst Driving Simulators neue Standards in der Fahrsimulation und genie\u00dft das Vertrauen von Kunden rund um den Globus.<br><\/p>\n\n\n\n<div class=\"wp-block-buttons is-layout-flex wp-block-buttons-is-layout-flex\">\n<div class=\"wp-block-button\"><a class=\"wp-block-button__link wp-element-button\" href=\"https:\/\/www.foerst-simulators.com\/simx-innovation\">Jetzt Anfragen <\/a><\/div>\n\n\n\n<div class=\"wp-block-button is-style-outline is-style-outline--1\"><a rel=\"noopener noreferrer\" target=\"_blank\" class=\"wp-block-button__link wp-element-button\" href=\"https:\/\/meetings-eu1.hubspot.com\/denis-peljuchno\">Beratung vereinbaren<\/a><\/div>\n<\/div>\n<\/div><figure class=\"wp-block-media-text__media\"><img loading=\"lazy\" decoding=\"async\" width=\"1024\" height=\"683\" src=\"https:\/\/media.foerst-simulators.com\/wp-content\/uploads\/2024\/07\/19102531\/shutterstock_2450216563-1024x683.jpg\" alt=\"\" class=\"wp-image-445 size-full\" srcset=\"https:\/\/media.foerst-simulators.com\/wp-content\/uploads\/2024\/07\/19102531\/shutterstock_2450216563-1024x683.jpg 1024w, https:\/\/media.foerst-simulators.com\/wp-content\/uploads\/2024\/07\/19102531\/shutterstock_2450216563-300x200.jpg 300w, https:\/\/media.foerst-simulators.com\/wp-content\/uploads\/2024\/07\/19102531\/shutterstock_2450216563-768x512.jpg 768w, https:\/\/media.foerst-simulators.com\/wp-content\/uploads\/2024\/07\/19102531\/shutterstock_2450216563-1536x1024.jpg 1536w, https:\/\/media.foerst-simulators.com\/wp-content\/uploads\/2024\/07\/19102531\/shutterstock_2450216563-2048x1365.jpg 2048w\" sizes=\"auto, (max-width: 1024px) 100vw, 1024px\" \/><\/figure><\/div>\n\n\n\n<div class=\"text-area-container full-width image-background \"\n     style=\"background-image: url(https:\/\/media.foerst-simulators.com\/wp-content\/uploads\/2024\/08\/01120123\/area-1280x400_stripes_blue.jpg?format=webp);\" >\n    <div class=\"text-area_content\">\n        <div class=\"text-area_headlines\">\n\n                            <p class=\"text-area_subtitle subline\">\n                    Eine revolution\u00e4re Erfindung von Reiner Foerst                <\/p>\n            <h2 class=\"text-area_title\">Deutschlands erster Fahrsimulator<\/h2>\n        <\/div>\n        <div class=\"text-area_paragraph\">\n                    <\/div>\n    <\/div>\n    <div class=\"text-area-buttons\">\n\n        \n    <\/div>\n<\/div>\n\n\n\n<div class=\"wp-block-media-text has-media-on-the-right is-stacked-on-mobile\"><div class=\"wp-block-media-text__content\">\n<p class=\"subline\">Von Rennsimulatoren zum weltweiten Fahrsimulator-Lieferanten <\/p>\n\n\n\n<h2 class=\"wp-block-heading\">Foerst Fahrsimulatoren <\/h2>\n\n\n\n<p>Reiner Foerst meldete sein Gesamtkonzept f\u00fcr den ersten kommerziellen Fahrsimulator der Welt am 13. Mai 1975 zum Patent an, sowohl in Deutschland als auch in den USA und Japan. Seine Pkw-Fahrsimulatoren wurden zun\u00e4chst als m\u00fcnzbet\u00e4tigte Rennsimulatoren zur Unterhaltung eingesetzt, wobei er mit der N\u00fcrburgring GmbH eine Lizenz zur Verwendung des Namens \u201eN\u00fcrburgring\u201c erwarb. <br><br><strong>Erfahren Sie mehr \u00fcber<\/strong> <strong>die Fahrsimulatoren:<\/strong><\/p>\n\n\n\n<div class=\"wp-block-buttons is-layout-flex wp-block-buttons-is-layout-flex\">\n<div class=\"wp-block-button\"><a class=\"wp-block-button__link wp-element-button\" href=\"https:\/\/www.foerst-simulators.com\/pkw-fahrsimulator\">SimX PKW<\/a><\/div>\n\n\n\n<div class=\"wp-block-button is-style-outline is-style-outline--2\"><a class=\"wp-block-button__link wp-element-button\" href=\"https:\/\/www.foerst-simulators.com\/lkw-und-bus-fahrsimulator\">SimX LKW &amp; BUS<\/a><\/div>\n<\/div>\n<\/div><figure class=\"wp-block-media-text__media\"><img loading=\"lazy\" decoding=\"async\" width=\"1024\" height=\"768\" src=\"https:\/\/media.foerst-simulators.com\/wp-content\/uploads\/2024\/07\/18153523\/Bild-text-foerst-kollage-1024x768.webp\" alt=\"\" class=\"wp-image-416 size-full\" srcset=\"https:\/\/media.foerst-simulators.com\/wp-content\/uploads\/2024\/07\/18153523\/Bild-text-foerst-kollage-1024x768.webp 1024w, https:\/\/media.foerst-simulators.com\/wp-content\/uploads\/2024\/07\/18153523\/Bild-text-foerst-kollage-300x225.webp 300w, https:\/\/media.foerst-simulators.com\/wp-content\/uploads\/2024\/07\/18153523\/Bild-text-foerst-kollage-768x576.webp 768w, https:\/\/media.foerst-simulators.com\/wp-content\/uploads\/2024\/07\/18153523\/Bild-text-foerst-kollage.webp 1200w\" sizes=\"auto, (max-width: 1024px) 100vw, 1024px\" \/><\/figure><\/div>\n\n\n\n<div class=\"text-area-container full-width image-background \"\n     style=\"background-image: url(https:\/\/media.foerst-simulators.com\/wp-content\/uploads\/2024\/08\/01120123\/area-1280x400_stripes_blue.jpg?format=webp);\" >\n    <div class=\"text-area_content\">\n        <div class=\"text-area_headlines\">\n\n                            <p class=\"text-area_subtitle subline\">\n                    Pionier von Fahrsimulatoren seit \u00fcber 45 Jahren                <\/p>\n            <h2 class=\"text-area_title\">Erfahrung &amp; Qualit\u00e4t seit 1976<\/h2>\n        <\/div>\n        <div class=\"text-area_paragraph\">\n                    <\/div>\n    <\/div>\n    <div class=\"text-area-buttons\">\n\n        \n    <\/div>\n<\/div>\n\n\n\n<div class=\"wp-block-media-text is-stacked-on-mobile\"><figure class=\"wp-block-media-text__media\"><img loading=\"lazy\" decoding=\"async\" width=\"407\" height=\"317\" src=\"https:\/\/media.foerst-simulators.com\/wp-content\/uploads\/2024\/07\/18153247\/BudSpencer.png\" alt=\"\" class=\"wp-image-414 size-full\" srcset=\"https:\/\/media.foerst-simulators.com\/wp-content\/uploads\/2024\/07\/18153247\/BudSpencer.png 407w, https:\/\/media.foerst-simulators.com\/wp-content\/uploads\/2024\/07\/18153247\/BudSpencer-300x234.png 300w\" sizes=\"auto, (max-width: 407px) 100vw, 407px\" \/><\/figure><div class=\"wp-block-media-text__content\">\n<p class=\"subline\">Reiner Foersts bahnbrechende Erfindung<\/p>\n\n\n\n<h2 class=\"wp-block-heading\">Begeisterung bei Stars und Sternchen<\/h2>\n\n\n\n<p>Der Prototyp erregte gro\u00dfe Aufmerksamkeit und faszinierte sogar prominente Pers\u00f6nlichkeiten wie Filmschauspieler Bud Spencer, Fernsehmoderator Thomas Gottschalk, S\u00e4nger Reinhard Mey, den Bayerischen Ministerpr\u00e4sidenten Franz Josef Strau\u00df, Talkmaster Hans Joachim Kulenkampff und Ex-Formel-1-Weltmeister Jackie Stewart.<br><br>Im Jahr 2003 \u00fcbernahm Kai Foerst, der Sohn von Reiner Foerst, die Firma und begann, auf die steigenden Anfragen von Fahrlehrern zu reagieren. Er verbesserte die Grafik und die Funktionalit\u00e4ten der Simulatoren, bereitete sie f\u00fcr den Verkauf an Fahrschulen vor und entwickelte p\u00e4dagogische Software.<\/p>\n\n\n\n<div class=\"wp-block-buttons is-layout-flex wp-block-buttons-is-layout-flex\">\n<div class=\"wp-block-button\"><a class=\"wp-block-button__link wp-element-button\" href=\"https:\/\/www.foerst-simulators.com\/fahrsimulator-angebot-anfragen\">Simulator anfragen<\/a><\/div>\n\n\n\n<div class=\"wp-block-button is-style-outline is-style-outline--3\"><a class=\"wp-block-button__link wp-element-button\">Kontakt aufnehmen <\/a><\/div>\n<\/div>\n<\/div><\/div>\n\n\n\n\n<div class=\"icon-cardshelf-container\"\n     >\n    <div class=\"icon-cardshelf-headlines\">\n\n                    <h2 class=\"icon-cardshelf-title\">Vorteile von Fahrsimulatoren f\u00fcr Unternehmen<\/h2>\n        \n    <\/div>\n    <div class=\"icon-cardshelf-content\">\n\n        \n                <a                         class=\"icon-cardshelf-content__item\">\n                    <div>\n\n                        \n                    <\/div>\n                    <div class=\"icon-cardshelf-content__item_text\">\n                        <div>\n\n                                                            <h3>\n                                    Sicherheit                                <\/h3>\n                            \n                                                            <p>\n                                    Fahrsimulatoren erm\u00f6glichen es den Fahrern, risikoreiche Situationen in einer kontrollierten Umgebung zu erleben und zu \u00fcben.                                <\/p>\n                            \n                        <\/div>\n\n                        \n                    <\/div>\n                <\/a>\n\n            \n                <a                         class=\"icon-cardshelf-content__item\">\n                    <div>\n\n                        \n                    <\/div>\n                    <div class=\"icon-cardshelf-content__item_text\">\n                        <div>\n\n                                                            <h3>\n                                    Kosteneffizienz                                <\/h3>\n                            \n                                                            <p>\n                                    Der Einsatz eines Simulators reduziert den Verschlei\u00df an Einsatzfahrzeugen und senkt die Kosten f\u00fcr Treibstoff, Wartung und Reparaturen.                                <\/p>\n                            \n                        <\/div>\n\n                        \n                    <\/div>\n                <\/a>\n\n            \n                <a                         class=\"icon-cardshelf-content__item\">\n                    <div>\n\n                        \n                    <\/div>\n                    <div class=\"icon-cardshelf-content__item_text\">\n                        <div>\n\n                                                            <h3>\n                                    Umweltfreundlichkeit                                <\/h3>\n                            \n                                                            <p>\n                                    Durch die Nutzung eines Simulators werden Emissionen und der Verbrauch von Ressourcen reduziert.                                <\/p>\n                            \n                        <\/div>\n\n                        \n                    <\/div>\n                <\/a>\n\n            \n                <a                         class=\"icon-cardshelf-content__item\">\n                    <div>\n\n                        \n                    <\/div>\n                    <div class=\"icon-cardshelf-content__item_text\">\n                        <div>\n\n                                                            <h3>\n                                    Stressbew\u00e4ltigung                                <\/h3>\n                            \n                                                            <p>\n                                    Simulatoren helfen den Fahrern, Techniken zur Stressbew\u00e4ltigung und schnellen Entscheidungsfindung in kritischen Situationen zu erlernen und zu \u00fcben.                                <\/p>\n                            \n                        <\/div>\n\n                        \n                    <\/div>\n                <\/a>\n\n            \n    <\/div>\n<\/div>\n\n\n\n<div class=\"image-cardshelf-container\"\n     >\n\n    \n    <div class=\"image-cardshelf-content \">\n\n        <div>                        <div class=\"image-cardshelf-image padding-x-24 padding-y-24\n                                    \"\n                             style=\"background-image: url('https:\/\/media.foerst-simulators.com\/wp-content\/uploads\/2024\/07\/19141144\/foerst_fahrsimulator_geschichte_1.webp?format=webp')\">\n\n                            \n                        <\/div>\n                    <\/div><div>                        <div class=\"image-cardshelf-image padding-x-24 padding-y-24\n                                    \"\n                             style=\"background-image: url('https:\/\/media.foerst-simulators.com\/wp-content\/uploads\/2024\/07\/19141742\/foerst_fahrsimulator_geschichte_2.webp?format=webp')\">\n\n                            \n                        <\/div>\n                    <\/div><div>                        <div class=\"image-cardshelf-image padding-x-24 padding-y-24\n                                    \"\n                             style=\"background-image: url('https:\/\/media.foerst-simulators.com\/wp-content\/uploads\/2024\/07\/19142615\/foerst_fahrsimulator_geschichte_4.webp?format=webp')\">\n\n                            \n                        <\/div>\n                    <\/div><div>                        <div class=\"image-cardshelf-image padding-x-24 padding-y-24\n                                    \"\n                             style=\"background-image: url('https:\/\/media.foerst-simulators.com\/wp-content\/uploads\/2024\/07\/19143218\/foerst_fahrsimulator_geschichte_6.webp?format=webp')\">\n\n                            \n                        <\/div>\n                    <\/div><div>                        <div class=\"image-cardshelf-image padding-x-24 padding-y-24\n                                    \"\n                             style=\"background-image: url('https:\/\/media.foerst-simulators.com\/wp-content\/uploads\/2024\/08\/16112830\/foerst_fahrsimulator_geschichte_3_unten_6.webp?format=webp')\">\n\n                            \n                        <\/div>\n                    <\/div><div>                        <div class=\"image-cardshelf-image padding-x-24 padding-y-24\n                                    \"\n                             style=\"background-image: url('https:\/\/media.foerst-simulators.com\/wp-content\/uploads\/2024\/07\/19142947\/foerst_fahrsimulator_geschichte_5.webp?format=webp')\">\n\n                            \n                        <\/div>\n                    <\/div><div>                        <div class=\"image-cardshelf-image padding-x-24 padding-y-24\n                                    \"\n                             style=\"background-image: url('https:\/\/media.foerst-simulators.com\/wp-content\/uploads\/2024\/07\/19143732\/foerst_fahrsimulator_geschichte_7.webp?format=webp')\">\n\n                            \n                        <\/div>\n                    <\/div><div>                        <div class=\"image-cardshelf-image padding-x-24 padding-y-24\n                                    \"\n                             style=\"background-image: url('https:\/\/media.foerst-simulators.com\/wp-content\/uploads\/2024\/07\/19143750\/foerst_fahrsimulator_geschichte_8.webp?format=webp')\">\n\n                            \n                        <\/div>\n                    <\/div><div>                        <div class=\"image-cardshelf-image padding-x-24 padding-y-24\n                                    \"\n                             style=\"background-image: url('https:\/\/media.foerst-simulators.com\/wp-content\/uploads\/2024\/07\/19143802\/foerst_fahrsimulator_geschichte_9.webp?format=webp')\">\n\n                            \n                        <\/div>\n                    <\/div>\n    <\/div>\n<\/div>\n\n\n\n<div class=\"text-area-container full-width image-background \"\n     style=\"background-image: url(https:\/\/media.foerst-simulators.com\/wp-content\/uploads\/2024\/07\/shutterstock_2477954793-_1_.jpg?format=webp);\" >\n    <div class=\"text-area_content\">\n        <div class=\"text-area_headlines\">\n\n            <h2 class=\"text-area_title\">Unsere aktuellen Vertriebspartner. <\/h2>\n        <\/div>\n        <div class=\"text-area_paragraph\">\n            <p>\u25a0 Bangladesch \u25a0 Bulgarien \u25a0 Deutschland \u25a0 Griechenland \u25a0 Israel \u25a0 Litauen \u25a0 Pakistan \u25a0 Saudi-Arabien \u25a0 VAE<\/p>\n<p><strong>Sie m\u00f6chten auch Vertriebspartner werden oder interessieren sich f\u00fcr unsere Simulatoren?<\/strong><br \/>\n<strong>Sprechen Sie uns an.<\/strong><\/p>\n        <\/div>\n    <\/div>\n    <div class=\"text-area-buttons\">\n\n                            <a href=\"https:\/\/meetings-eu1.hubspot.com\/denis-peljuchno\"\n\n                        target=\"_blank\" rel=\"noopener noreferrer\" \n                       class=\"button-fill\">\n                        Kontakt aufnehmen                    <\/a>\n                \n    <\/div>\n<\/div>\n","protected":false},"excerpt":{"rendered":"","protected":false},"author":3,"featured_media":0,"parent":0,"menu_order":0,"comment_status":"closed","ping_status":"closed","template":"","meta":{"_acf_changed":false,"footnotes":""},"class_list":["post-410","page","type-page","status-publish","hentry"],"acf":[],"yoast_head":"<!-- This site is optimized with the Yoast SEO plugin v27.4 - https:\/\/yoast.com\/product\/yoast-seo-wordpress\/ -->\n<title>Foerst Firmenhistorie \u2013 Fahrsimulatoren seit 1976<\/title>\n<meta name=\"description\" content=\"Entdecken Sie die beeindruckende Geschichte von Foerst\ud83d\udd39Seit \u00fcber 40 Jahren \ud83d\udd39 F\u00fchrend in der Fahrsimulator-Entwicklung\" \/>\n<meta name=\"robots\" content=\"index, follow, max-snippet:-1, max-image-preview:large, max-video-preview:-1\" \/>\n<link rel=\"canonical\" href=\"https:\/\/www.foerst-simulators.com\/de\/firmenhistorie\" \/>\n<meta property=\"og:locale\" content=\"de_DE\" \/>\n<meta property=\"og:type\" content=\"article\" \/>\n<meta property=\"og:title\" content=\"Foerst Firmenhistorie \u2013 Fahrsimulatoren seit 1976\" \/>\n<meta property=\"og:description\" content=\"Entdecken Sie die beeindruckende Geschichte von Foerst\ud83d\udd39Seit \u00fcber 40 Jahren \ud83d\udd39 F\u00fchrend in der Fahrsimulator-Entwicklung\" \/>\n<meta property=\"og:url\" content=\"https:\/\/www.foerst-simulators.com\/de\/firmenhistorie\" \/>\n<meta property=\"og:site_name\" content=\"Foerst Website\" \/>\n<meta property=\"article:modified_time\" content=\"2025-04-14T14:27:53+00:00\" \/>\n<meta property=\"og:image\" content=\"https:\/\/www.foerst-simulators.com\/wp-content\/uploads\/2024\/07\/shutterstock_2450216563-1024x683.jpg\" \/>\n<meta name=\"twitter:card\" content=\"summary_large_image\" \/>\n<meta name=\"twitter:label1\" content=\"Gesch\u00e4tzte Lesezeit\" \/>\n\t<meta name=\"twitter:data1\" content=\"2\u00a0Minuten\" \/>\n<script type=\"application\/ld+json\" class=\"yoast-schema-graph\">{\"@context\":\"https:\\\/\\\/schema.org\",\"@graph\":[{\"@type\":\"WebPage\",\"@id\":\"https:\\\/\\\/www.foerst-simulators.com\\\/de\\\/firmenhistorie\",\"url\":\"https:\\\/\\\/www.foerst-simulators.com\\\/de\\\/firmenhistorie\",\"name\":\"Foerst Firmenhistorie \u2013 Fahrsimulatoren seit 1976\",\"isPartOf\":{\"@id\":\"https:\\\/\\\/www.foerst-simulators.com\\\/de\\\/#website\"},\"primaryImageOfPage\":{\"@id\":\"https:\\\/\\\/www.foerst-simulators.com\\\/de\\\/firmenhistorie#primaryimage\"},\"image\":{\"@id\":\"https:\\\/\\\/www.foerst-simulators.com\\\/de\\\/firmenhistorie#primaryimage\"},\"thumbnailUrl\":\"https:\\\/\\\/www.foerst-simulators.com\\\/wp-content\\\/uploads\\\/2024\\\/07\\\/shutterstock_2450216563-1024x683.jpg\",\"datePublished\":\"2024-07-18T14:04:50+00:00\",\"dateModified\":\"2025-04-14T14:27:53+00:00\",\"description\":\"Entdecken Sie die beeindruckende Geschichte von Foerst\ud83d\udd39Seit \u00fcber 40 Jahren \ud83d\udd39 F\u00fchrend in der Fahrsimulator-Entwicklung\",\"breadcrumb\":{\"@id\":\"https:\\\/\\\/www.foerst-simulators.com\\\/de\\\/firmenhistorie#breadcrumb\"},\"inLanguage\":\"de\",\"potentialAction\":[{\"@type\":\"ReadAction\",\"target\":[\"https:\\\/\\\/www.foerst-simulators.com\\\/de\\\/firmenhistorie\"]}]},{\"@type\":\"ImageObject\",\"inLanguage\":\"de\",\"@id\":\"https:\\\/\\\/www.foerst-simulators.com\\\/de\\\/firmenhistorie#primaryimage\",\"url\":\"https:\\\/\\\/www.foerst-simulators.com\\\/wp-content\\\/uploads\\\/2024\\\/07\\\/shutterstock_2450216563-1024x683.jpg\",\"contentUrl\":\"https:\\\/\\\/www.foerst-simulators.com\\\/wp-content\\\/uploads\\\/2024\\\/07\\\/shutterstock_2450216563-1024x683.jpg\"},{\"@type\":\"BreadcrumbList\",\"@id\":\"https:\\\/\\\/www.foerst-simulators.com\\\/de\\\/firmenhistorie#breadcrumb\",\"itemListElement\":[{\"@type\":\"ListItem\",\"position\":1,\"name\":\"Home\",\"item\":\"https:\\\/\\\/www.foerst-simulators.com\\\/\"},{\"@type\":\"ListItem\",\"position\":2,\"name\":\"Firmenhistorie\"}]},{\"@type\":\"WebSite\",\"@id\":\"https:\\\/\\\/www.foerst-simulators.com\\\/de\\\/#website\",\"url\":\"https:\\\/\\\/www.foerst-simulators.com\\\/de\\\/\",\"name\":\"Foerst Website\",\"description\":\"\",\"potentialAction\":[{\"@type\":\"SearchAction\",\"target\":{\"@type\":\"EntryPoint\",\"urlTemplate\":\"https:\\\/\\\/www.foerst-simulators.com\\\/de\\\/?s={search_term_string}\"},\"query-input\":{\"@type\":\"PropertyValueSpecification\",\"valueRequired\":true,\"valueName\":\"search_term_string\"}}],\"inLanguage\":\"de\"}]}<\/script>\n<!-- \/ Yoast SEO plugin. -->","yoast_head_json":{"title":"Foerst Firmenhistorie \u2013 Fahrsimulatoren seit 1976","description":"Entdecken Sie die beeindruckende Geschichte von Foerst\ud83d\udd39Seit \u00fcber 40 Jahren \ud83d\udd39 F\u00fchrend in der Fahrsimulator-Entwicklung","robots":{"index":"index","follow":"follow","max-snippet":"max-snippet:-1","max-image-preview":"max-image-preview:large","max-video-preview":"max-video-preview:-1"},"canonical":"https:\/\/www.foerst-simulators.com\/de\/firmenhistorie","og_locale":"de_DE","og_type":"article","og_title":"Foerst Firmenhistorie \u2013 Fahrsimulatoren seit 1976","og_description":"Entdecken Sie die beeindruckende Geschichte von Foerst\ud83d\udd39Seit \u00fcber 40 Jahren \ud83d\udd39 F\u00fchrend in der Fahrsimulator-Entwicklung","og_url":"https:\/\/www.foerst-simulators.com\/de\/firmenhistorie","og_site_name":"Foerst Website","article_modified_time":"2025-04-14T14:27:53+00:00","og_image":[{"url":"https:\/\/www.foerst-simulators.com\/wp-content\/uploads\/2024\/07\/shutterstock_2450216563-1024x683.jpg","type":"","width":"","height":""}],"twitter_card":"summary_large_image","twitter_misc":{"Gesch\u00e4tzte Lesezeit":"2\u00a0Minuten"},"schema":{"@context":"https:\/\/schema.org","@graph":[{"@type":"WebPage","@id":"https:\/\/www.foerst-simulators.com\/de\/firmenhistorie","url":"https:\/\/www.foerst-simulators.com\/de\/firmenhistorie","name":"Foerst Firmenhistorie \u2013 Fahrsimulatoren seit 1976","isPartOf":{"@id":"https:\/\/www.foerst-simulators.com\/de\/#website"},"primaryImageOfPage":{"@id":"https:\/\/www.foerst-simulators.com\/de\/firmenhistorie#primaryimage"},"image":{"@id":"https:\/\/www.foerst-simulators.com\/de\/firmenhistorie#primaryimage"},"thumbnailUrl":"https:\/\/www.foerst-simulators.com\/wp-content\/uploads\/2024\/07\/shutterstock_2450216563-1024x683.jpg","datePublished":"2024-07-18T14:04:50+00:00","dateModified":"2025-04-14T14:27:53+00:00","description":"Entdecken Sie die beeindruckende Geschichte von Foerst\ud83d\udd39Seit \u00fcber 40 Jahren \ud83d\udd39 F\u00fchrend in der Fahrsimulator-Entwicklung","breadcrumb":{"@id":"https:\/\/www.foerst-simulators.com\/de\/firmenhistorie#breadcrumb"},"inLanguage":"de","potentialAction":[{"@type":"ReadAction","target":["https:\/\/www.foerst-simulators.com\/de\/firmenhistorie"]}]},{"@type":"ImageObject","inLanguage":"de","@id":"https:\/\/www.foerst-simulators.com\/de\/firmenhistorie#primaryimage","url":"https:\/\/www.foerst-simulators.com\/wp-content\/uploads\/2024\/07\/shutterstock_2450216563-1024x683.jpg","contentUrl":"https:\/\/www.foerst-simulators.com\/wp-content\/uploads\/2024\/07\/shutterstock_2450216563-1024x683.jpg"},{"@type":"BreadcrumbList","@id":"https:\/\/www.foerst-simulators.com\/de\/firmenhistorie#breadcrumb","itemListElement":[{"@type":"ListItem","position":1,"name":"Home","item":"https:\/\/www.foerst-simulators.com\/"},{"@type":"ListItem","position":2,"name":"Firmenhistorie"}]},{"@type":"WebSite","@id":"https:\/\/www.foerst-simulators.com\/de\/#website","url":"https:\/\/www.foerst-simulators.com\/de\/","name":"Foerst Website","description":"","potentialAction":[{"@type":"SearchAction","target":{"@type":"EntryPoint","urlTemplate":"https:\/\/www.foerst-simulators.com\/de\/?s={search_term_string}"},"query-input":{"@type":"PropertyValueSpecification","valueRequired":true,"valueName":"search_term_string"}}],"inLanguage":"de"}]}},"_links":{"self":[{"href":"https:\/\/www.foerst-simulators.com\/de\/wp-json\/wp\/v2\/pages\/410","targetHints":{"allow":["GET"]}}],"collection":[{"href":"https:\/\/www.foerst-simulators.com\/de\/wp-json\/wp\/v2\/pages"}],"about":[{"href":"https:\/\/www.foerst-simulators.com\/de\/wp-json\/wp\/v2\/types\/page"}],"author":[{"embeddable":true,"href":"https:\/\/www.foerst-simulators.com\/de\/wp-json\/wp\/v2\/users\/3"}],"replies":[{"embeddable":true,"href":"https:\/\/www.foerst-simulators.com\/de\/wp-json\/wp\/v2\/comments?post=410"}],"version-history":[{"count":80,"href":"https:\/\/www.foerst-simulators.com\/de\/wp-json\/wp\/v2\/pages\/410\/revisions"}],"predecessor-version":[{"id":1428,"href":"https:\/\/www.foerst-simulators.com\/de\/wp-json\/wp\/v2\/pages\/410\/revisions\/1428"}],"wp:attachment":[{"href":"https:\/\/www.foerst-simulators.com\/de\/wp-json\/wp\/v2\/media?parent=410"}],"curies":[{"name":"wp","href":"https:\/\/api.w.org\/{rel}","templated":true}]}}