{"id":630,"date":"2024-07-23T08:26:53","date_gmt":"2024-07-23T08:26:53","guid":{"rendered":"https:\/\/www.foerst-simulators.com\/?page_id=630"},"modified":"2025-08-25T10:52:06","modified_gmt":"2025-08-25T10:52:06","slug":"datenschutz","status":"publish","type":"page","link":"https:\/\/www.foerst-simulators.com\/de\/datenschutz","title":{"rendered":"Datenschutz"},"content":{"rendered":"\n<div class=\"hero-module-container hero-module-only-header\"\n    >\n    <div class=\"hero-module-content hero-module-only-header \">\n\n        \n        <h1 class=\"\">\n            Datenschutzrechtliche Hinweise        <\/h1>\n\n        \n    <\/div>\n\n    \n<\/div>\n\n\n\n<p><\/p>\n\n\n\n<h2 class=\"wp-block-heading\"><br>Kontaktformular<\/h2>\n\n\n\n<p>Zur Kontaktaufnahme bietet unsere Website Ihnen ein Kontaktformular an. Die Nutzung bedingt die Erfassung von pers\u00f6nlichen Daten. Es werden nur Daten erhoben, die notwendig sind, um Ihre Anfrage zu katalogisieren und auf sie zu reagieren.<\/p>\n\n\n\n<p>Die Daten werden zum Zweck der Beantwortung Ihrer Anfrage erhoben und verarbeitet. Die Rechtsgrundlage f\u00fcr die Verarbeitung stellt Art. 6 Abs. 1 lit. a der DSGVO dar.<\/p>\n\n\n\n<p>Sie haben die M\u00f6glichkeit, Ihre Einwilligung jederzeit zu widerrufen. Die Rechtm\u00e4\u00dfigkeit der bis zum Widerruf erfolgten Verarbeitung ist davon nicht betroffen. Ihren Widerruf richten Sie bitte per E-Mail an\u00a0<a href=\"mailto:datenschutz@foerst-simulators.com\">datenschutz@foerst-simulators.com<\/a>.<\/p>\n\n\n\n<p>Die Speicherdauer f\u00fcr Ihre Daten h\u00e4ngt von der Art Ihrer Anfrage oder Ihres Anliegens ab. Sollten keine gesetzlichen Aufbewahrungspflichten oder eine Archivierungspflicht f\u00fcr Ihre Anfrage gelten, werden die Daten gel\u00f6scht, sobald Ihre Anfrage bearbeitet wurde.<\/p>\n\n\n\n<p>Zugriff auf Ihre Daten erhalten nur die zur Bearbeitung Ihrer Anfrage berechtigten Personen.<\/p>\n\n\n\n<p><br><\/p>\n\n\n\n<h2 class=\"wp-block-heading\">Einsatz von Cookies <\/h2>\n\n\n\n<p>(1) Wir verwenden \u201eCookies\u201c f\u00fcr unseren Internetauftritt in Form sogenannter \u201eSession-Cookies\u201c, die ausschlie\u00dflich f\u00fcr die Dauer Ihrer Nutzung unserer Internetseite zwischengespeichert werden. Cookies sind kleine Textdateien, die es uns erm\u00f6glichen, auf Ihrem PC spezifische, auf Sie bezogene Informationen zu speichern, w\u00e4hrend Sie unsere Internetseiten besuchen. Cookies helfen uns dabei, die Nutzungsh\u00e4ufigkeit und die Anzahl der Nutzer unserer Webseite zu ermitteln sowie unsere Angebote f\u00fcr Sie m\u00f6glichst sicher, komfortabel und effizient zu gestalten. Cookies erm\u00f6glichen unseren Systemen, das Ger\u00e4t des Nutzers zu erkennen und eventuelle Voreinstellungen sofort verf\u00fcgbar zu machen. Sobald ein Nutzer auf die Plattform zugreift, wird ein Cookie auf die Festplatte des Computers des jeweiligen Nutzers \u00fcbermittelt. Cookies helfen uns, unsere Website zu verbessern und Ihnen einen besseren und noch mehr auf Sie zugeschnittenen Service anbieten zu k\u00f6nnen. Sie erm\u00f6glichen uns, Ihren Computer wiederzuerkennen, wenn Sie auf unsere Website zur\u00fcckkehren.<\/p>\n\n\n\n<p>Ein Cookie enth\u00e4lt in der Regel den Namen der Domain, von der die Cookie-Daten gesendet wurden sowie Informationen \u00fcber das Alter des Cookies und ein alphanumerisches Identifizierungszeichen.<\/p>\n\n\n\n<p>In den von uns verwendeten Cookies werden lediglich die oben erl\u00e4uterten Daten \u00fcber Ihre Nutzung der Website gespeichert. Dies erfolgt nicht durch eine Zuordnung zu Ihnen pers\u00f6nlich, sondern durch Zuweisung einer Identifikationsnummer zu dem Cookie (\u201eCookie-ID\u201c). Eine Zusammenf\u00fchrung der Cookie-ID mit Ihrem Namen, Ihrer IP-Adresse oder mit \u00e4hnlichen Daten, die eine Zuordnung des Cookies zu Ihnen erm\u00f6glichen w\u00fcrden, erfolgt nicht.<\/p>\n\n\n\n<p>(2) Sollten Sie eine Verwendung von Cookies nicht w\u00fcnschen, k\u00f6nnen Sie Ihren Browser so einstellen, dass eine Speicherung von Cookies nicht akzeptiert oder auf bestimmte Seiten beschr\u00e4nkt wird oder Sie informiert werden, sobald ein Cookie gesetzt werden soll. Bitte beachten Sie, dass Sie unsere Website in diesem Fall ggf. nur eingeschr\u00e4nkt oder gar nicht nutzen k\u00f6nnen. Wenn Sie nur unsere eigenen Cookies, nicht aber die Cookies unserer Dienstleister und Partner akzeptieren wollen, k\u00f6nnen Sie die Einstellung in Ihrem Browser \u201eCookies von Drittanbietern blockieren\u201c w\u00e4hlen.<br><\/p>\n\n\n\n<h2 class=\"wp-block-heading\"><br>Server-Log-Files<\/h2>\n\n\n\n<p>Um die Funktionalit\u00e4t der Website zu garantieren, werden seitens des Providers der Website Informationen in so genannten Server-Log-Files, die Ihr Browser automatisch \u00fcbermittelt, erhoben und drei Tage gespeichert. Diese sind:<\/p>\n\n\n\n<ul class=\"wp-block-list\">\n<li>IP-Adresse<\/li>\n\n\n\n<li>Zeitpunkt<\/li>\n\n\n\n<li>&#8222;Request&#8220;<\/li>\n\n\n\n<li>Status-Code<\/li>\n\n\n\n<li>\u00fcbertragene Bytes<\/li>\n\n\n\n<li>&#8222;Useragent&#8220;<\/li>\n<\/ul>\n\n\n\n<p>Diese Daten sind einer bestimmten Person nicht zuzuordnen. Eine Zusammenf\u00fchrung dieser Daten mit anderen Datenquellen wird nicht vorgenommen. Wir behalten uns vor, diese Daten nachtr\u00e4glich pr\u00fcfen zu lassen, wenn uns konkrete Anhaltspunkte vorliegen, die auf eine rechtswidrige Nutzung hindeuten.<\/p>\n\n\n\n<p><\/p>\n\n\n\n<h2 class=\"wp-block-heading\"><br>Google Maps<\/h2>\n\n\n\n<p>Um die Funktionalit\u00e4t der Website zu garantieren, werden seitens des Providers der Website Informationen in so genannten Server-Log-Files, die Ihr Browser automatisch \u00fcbermittelt, erhoben und drei Tage gespeichert. Diese sind:<\/p>\n\n\n\n<ul class=\"wp-block-list\">\n<li>IP-Adresse<\/li>\n\n\n\n<li>Zeitpunkt<\/li>\n\n\n\n<li>&#8222;Request&#8220;<\/li>\n\n\n\n<li>Status-Code<\/li>\n\n\n\n<li>\u00fcbertragene Bytes<\/li>\n\n\n\n<li>&#8222;Useragent&#8220;<\/li>\n<\/ul>\n\n\n\n<p>Diese Daten sind einer bestimmten Person nicht zuzuordnen. Eine Zusammenf\u00fchrung dieser Daten mit anderen Datenquellen wird nicht vorgenommen. Wir behalten uns vor, diese Daten nachtr\u00e4glich pr\u00fcfen zu lassen, wenn uns konkrete Anhaltspunkte vorliegen, die auf eine rechtswidrige Nutzung hindeuten.<\/p>\n\n\n\n<h2 class=\"wp-block-heading\"><br>Google reCAPTCHA<br><\/h2>\n\n\n\n<p>Wir nutzen \u201cGoogle reCAPTCHA\u201d (im Folgenden \u201creCAPTCHA\u201d) auf unseren Websites. Anbieter ist Google Ireland Limited, Gordon House, Barrow Street, Dublin 4, Irland (\u201cGoogle\u201d).<\/p>\n\n\n\n<p>Mit reCAPTCHA soll \u00fcberpr\u00fcft werden, ob die Dateneingabe auf unseren Websites (z.B. in einem Kontaktformular) durch einen Menschen oder durch ein automatisiertes Programm erfolgt. Hierzu analysiert reCAPTCHA das Verhalten des Websitebesuchers anhand verschiedener Merkmale. Diese Analyse beginnt automatisch, sobald der Websitebesucher die Website betritt. Zur Analyse wertet reCAPTCHA verschiedene Informationen aus (z.B. IP-Adresse, Verweildauer des Websitebesuchers auf der Website oder vom Nutzer get\u00e4tigte Mausbewegungen). Die bei der Analyse erfassten Daten werden an Google weitergeleitet.<\/p>\n\n\n\n<p>Die reCAPTCHA-Analysen laufen vollst\u00e4ndig im Hintergrund. Websitebesucher werden nicht darauf hingewiesen, dass eine Analyse stattfindet.<\/p>\n\n\n\n<p>Die Datenverarbeitung erfolgt auf Grundlage von Art. 6 Abs. 1 lit. f DSGVO. Der Websitebetreiber hat ein berechtigtes Interesse daran, seine Webangebote vor missbr\u00e4uchlicher automatisierter Aussp\u00e4hung und vor SPAM zu sch\u00fctzen.<\/p>\n\n\n\n<p>Weitere Informationen zu Google reCAPTCHA sowie die Datenschutzerkl\u00e4rung von Google entnehmen Sie folgenden Links:&nbsp;<a href=\"https:\/\/policies.google.com\/privacy?hl=de\" target=\"_blank\" rel=\"noopener noreferrer noreferrer noopener\">https:\/\/policies.google.com\/privacy?hl=de<\/a>&nbsp;und&nbsp;<a href=\"https:\/\/www.google.com\/recaptcha\/intro\/android.html\" target=\"_blank\" rel=\"noopener noreferrer noreferrer noopener\">https:\/\/www.google.com\/recaptcha\/intro\/android.html<\/a>.<\/p>\n\n\n\n<p>ACHTUNG: Derzeit liegt kein Angemessenheitsbeschluss der Europ\u00e4ischen Kommission vor, welcher ein angemessenes Schutzniveau der Datenverarbeitung in den USA i.S.d. Art.45 DS-GVO best\u00e4tigt. Ferner haben wir als Verantwortlicher derzeit keine Garantien i.S.d. Art.46 DS-GVO vorgesehen, um ein angemessenes Datenschutzniveau in den USA gew\u00e4hrleisten zu k\u00f6nnen. Mit Ihrer Einwilligung gehen Sie daher freiwillig das Risiko eines unzureichenden Datenschutzes im Empf\u00e4ngerland ein.<br><br><\/p>\n","protected":false},"excerpt":{"rendered":"<p>Kontaktformular Zur Kontaktaufnahme bietet unsere Website Ihnen ein Kontaktformular an. Die Nutzung bedingt die Erfassung von pers\u00f6nlichen Daten. Es werden nur Daten erhoben, die notwendig sind, um Ihre Anfrage zu katalogisieren und auf sie zu reagieren. Die Daten werden zum Zweck der Beantwortung Ihrer Anfrage erhoben und verarbeitet. Die Rechtsgrundlage f\u00fcr die Verarbeitung stellt Art. [&hellip;]<\/p>\n","protected":false},"author":3,"featured_media":0,"parent":0,"menu_order":0,"comment_status":"closed","ping_status":"closed","template":"","meta":{"_acf_changed":false,"footnotes":""},"class_list":["post-630","page","type-page","status-publish","hentry"],"acf":[],"yoast_head":"<!-- This site is optimized with the Yoast SEO plugin v27.4 - https:\/\/yoast.com\/product\/yoast-seo-wordpress\/ -->\n<title>Datenschutz \u2013 Foerst Fahrsimulatoren<\/title>\n<meta name=\"description\" content=\"Erfahren Sie, wie Foerst den Schutz Ihrer pers\u00f6nlichen Daten gew\u00e4hrleistet. Transparente Informationen zum Datenschutz auf unserer Website.\" \/>\n<meta name=\"robots\" content=\"index, follow, max-snippet:-1, max-image-preview:large, max-video-preview:-1\" \/>\n<link rel=\"canonical\" href=\"https:\/\/www.foerst-simulators.com\/de\/datenschutz\/\" \/>\n<meta property=\"og:locale\" content=\"de_DE\" \/>\n<meta property=\"og:type\" content=\"article\" \/>\n<meta property=\"og:title\" content=\"Datenschutz \u2013 Foerst Fahrsimulatoren\" \/>\n<meta property=\"og:description\" content=\"Erfahren Sie, wie Foerst den Schutz Ihrer pers\u00f6nlichen Daten gew\u00e4hrleistet. Transparente Informationen zum Datenschutz auf unserer Website.\" \/>\n<meta property=\"og:url\" content=\"https:\/\/www.foerst-simulators.com\/de\/datenschutz\/\" \/>\n<meta property=\"og:site_name\" content=\"Foerst Website\" \/>\n<meta property=\"article:modified_time\" content=\"2025-08-25T10:52:06+00:00\" \/>\n<meta name=\"twitter:card\" content=\"summary_large_image\" \/>\n<meta name=\"twitter:label1\" content=\"Gesch\u00e4tzte Lesezeit\" \/>\n\t<meta name=\"twitter:data1\" content=\"5\u00a0Minuten\" \/>\n<script type=\"application\/ld+json\" class=\"yoast-schema-graph\">{\"@context\":\"https:\\\/\\\/schema.org\",\"@graph\":[{\"@type\":\"WebPage\",\"@id\":\"https:\\\/\\\/www.foerst-simulators.com\\\/en\\\/data-protection\",\"url\":\"https:\\\/\\\/www.foerst-simulators.com\\\/en\\\/data-protection\",\"name\":\"Datenschutz \u2013 Foerst Fahrsimulatoren\",\"isPartOf\":{\"@id\":\"https:\\\/\\\/www.foerst-simulators.com\\\/de\\\/#website\"},\"datePublished\":\"2024-07-23T08:26:53+00:00\",\"dateModified\":\"2025-08-25T10:52:06+00:00\",\"description\":\"Erfahren Sie, wie Foerst den Schutz Ihrer pers\u00f6nlichen Daten gew\u00e4hrleistet. Transparente Informationen zum Datenschutz auf unserer Website.\",\"breadcrumb\":{\"@id\":\"https:\\\/\\\/www.foerst-simulators.com\\\/en\\\/data-protection#breadcrumb\"},\"inLanguage\":\"de\",\"potentialAction\":[{\"@type\":\"ReadAction\",\"target\":[\"https:\\\/\\\/www.foerst-simulators.com\\\/en\\\/data-protection\"]}]},{\"@type\":\"BreadcrumbList\",\"@id\":\"https:\\\/\\\/www.foerst-simulators.com\\\/en\\\/data-protection#breadcrumb\",\"itemListElement\":[{\"@type\":\"ListItem\",\"position\":1,\"name\":\"Home\",\"item\":\"https:\\\/\\\/www.foerst-simulators.com\\\/\"},{\"@type\":\"ListItem\",\"position\":2,\"name\":\"Datenschutz\"}]},{\"@type\":\"WebSite\",\"@id\":\"https:\\\/\\\/www.foerst-simulators.com\\\/de\\\/#website\",\"url\":\"https:\\\/\\\/www.foerst-simulators.com\\\/de\\\/\",\"name\":\"Foerst Website\",\"description\":\"\",\"potentialAction\":[{\"@type\":\"SearchAction\",\"target\":{\"@type\":\"EntryPoint\",\"urlTemplate\":\"https:\\\/\\\/www.foerst-simulators.com\\\/de\\\/?s={search_term_string}\"},\"query-input\":{\"@type\":\"PropertyValueSpecification\",\"valueRequired\":true,\"valueName\":\"search_term_string\"}}],\"inLanguage\":\"de\"}]}<\/script>\n<!-- \/ Yoast SEO plugin. -->","yoast_head_json":{"title":"Datenschutz \u2013 Foerst Fahrsimulatoren","description":"Erfahren Sie, wie Foerst den Schutz Ihrer pers\u00f6nlichen Daten gew\u00e4hrleistet. Transparente Informationen zum Datenschutz auf unserer Website.","robots":{"index":"index","follow":"follow","max-snippet":"max-snippet:-1","max-image-preview":"max-image-preview:large","max-video-preview":"max-video-preview:-1"},"canonical":"https:\/\/www.foerst-simulators.com\/de\/datenschutz\/","og_locale":"de_DE","og_type":"article","og_title":"Datenschutz \u2013 Foerst Fahrsimulatoren","og_description":"Erfahren Sie, wie Foerst den Schutz Ihrer pers\u00f6nlichen Daten gew\u00e4hrleistet. Transparente Informationen zum Datenschutz auf unserer Website.","og_url":"https:\/\/www.foerst-simulators.com\/de\/datenschutz\/","og_site_name":"Foerst Website","article_modified_time":"2025-08-25T10:52:06+00:00","twitter_card":"summary_large_image","twitter_misc":{"Gesch\u00e4tzte Lesezeit":"5\u00a0Minuten"},"schema":{"@context":"https:\/\/schema.org","@graph":[{"@type":"WebPage","@id":"https:\/\/www.foerst-simulators.com\/en\/data-protection","url":"https:\/\/www.foerst-simulators.com\/en\/data-protection","name":"Datenschutz \u2013 Foerst Fahrsimulatoren","isPartOf":{"@id":"https:\/\/www.foerst-simulators.com\/de\/#website"},"datePublished":"2024-07-23T08:26:53+00:00","dateModified":"2025-08-25T10:52:06+00:00","description":"Erfahren Sie, wie Foerst den Schutz Ihrer pers\u00f6nlichen Daten gew\u00e4hrleistet. Transparente Informationen zum Datenschutz auf unserer Website.","breadcrumb":{"@id":"https:\/\/www.foerst-simulators.com\/en\/data-protection#breadcrumb"},"inLanguage":"de","potentialAction":[{"@type":"ReadAction","target":["https:\/\/www.foerst-simulators.com\/en\/data-protection"]}]},{"@type":"BreadcrumbList","@id":"https:\/\/www.foerst-simulators.com\/en\/data-protection#breadcrumb","itemListElement":[{"@type":"ListItem","position":1,"name":"Home","item":"https:\/\/www.foerst-simulators.com\/"},{"@type":"ListItem","position":2,"name":"Datenschutz"}]},{"@type":"WebSite","@id":"https:\/\/www.foerst-simulators.com\/de\/#website","url":"https:\/\/www.foerst-simulators.com\/de\/","name":"Foerst Website","description":"","potentialAction":[{"@type":"SearchAction","target":{"@type":"EntryPoint","urlTemplate":"https:\/\/www.foerst-simulators.com\/de\/?s={search_term_string}"},"query-input":{"@type":"PropertyValueSpecification","valueRequired":true,"valueName":"search_term_string"}}],"inLanguage":"de"}]}},"_links":{"self":[{"href":"https:\/\/www.foerst-simulators.com\/de\/wp-json\/wp\/v2\/pages\/630","targetHints":{"allow":["GET"]}}],"collection":[{"href":"https:\/\/www.foerst-simulators.com\/de\/wp-json\/wp\/v2\/pages"}],"about":[{"href":"https:\/\/www.foerst-simulators.com\/de\/wp-json\/wp\/v2\/types\/page"}],"author":[{"embeddable":true,"href":"https:\/\/www.foerst-simulators.com\/de\/wp-json\/wp\/v2\/users\/3"}],"replies":[{"embeddable":true,"href":"https:\/\/www.foerst-simulators.com\/de\/wp-json\/wp\/v2\/comments?post=630"}],"version-history":[{"count":11,"href":"https:\/\/www.foerst-simulators.com\/de\/wp-json\/wp\/v2\/pages\/630\/revisions"}],"predecessor-version":[{"id":2085,"href":"https:\/\/www.foerst-simulators.com\/de\/wp-json\/wp\/v2\/pages\/630\/revisions\/2085"}],"wp:attachment":[{"href":"https:\/\/www.foerst-simulators.com\/de\/wp-json\/wp\/v2\/media?parent=630"}],"curies":[{"name":"wp","href":"https:\/\/api.w.org\/{rel}","templated":true}]}}