{"id":867,"date":"2024-08-05T10:24:01","date_gmt":"2024-08-05T10:24:01","guid":{"rendered":"https:\/\/www.foerst-simulators.com\/?page_id=867"},"modified":"2025-04-14T14:27:53","modified_gmt":"2025-04-14T14:27:53","slug":"fahrsimulator-angebot-anfragen","status":"publish","type":"page","link":"https:\/\/www.foerst-simulators.com\/de\/fahrsimulator-angebot-anfragen","title":{"rendered":"Fahrsimulator-angebot-anfragen"},"content":{"rendered":"\n<div class=\"text-area-container full-width image-background \"\n     style=\"background-image: url(https:\/\/media.foerst-simulators.com\/wp-content\/uploads\/2024\/08\/05085852\/shutterstock_2467791549-scaled.jpg?format=webp);\" >\n    <div class=\"text-area_content\">\n        <div class=\"text-area_headlines\">\n\n            <h2 class=\"text-area_title\"><\/h2>\n        <\/div>\n        <div class=\"text-area_paragraph\">\n                    <\/div>\n    <\/div>\n    <div class=\"text-area-buttons\">\n\n        \n    <\/div>\n<\/div>\n\n\n\n    <div class=\"heyflow__container\"\n        >\n        <div class=\"heyflow__wrap\">\n            <svg class=\"heyflow__svg-top\" xmlns=\"http:\/\/www.w3.org\/2000\/svg\"\n                 width=\"192\" height=\"89\" viewBox=\"0 0 192 89\" fill=\"none\">\n                <path d=\"M192 0L176 58.6667L154.323 39.3627L175.128 17.4053L147.24\n                     36.6773L128 32L192 0ZM152 44.448V64L160.688 52.184L152 44.448Z\"\n                      fill=\"#0064E0\"\/>\n                <path d=\"M150.399 66.4C146.399 80.2666 107.599 99.6 84.7992\n                         75.6C61.608 51.1881 7.86589 52.1333 1.19922 55.5999\"\n                      stroke=\"#1D242A\" stroke-width=\"3\" stroke-dasharray=\"6 6\"\/>\n            <\/svg>\n\n            <svg class=\"heyflow__svg-top-mob\" xmlns=\"http:\/\/www.w3.org\/2000\/svg\"\n                 width=\"105\" height=\"56\" viewBox=\"0 0 105 56\" fill=\"none\">\n                <path d=\"M105 0L95 36.6667L81.4517 24.6017L94.455 10.8783L77.025\n                         22.9233L65 20L105 0ZM80 27.78V40L85.43 32.615L80 27.78Z\"\n                      fill=\"#0064E0\"\/>\n                <path d=\"M78.9997 41.5001C76.4997 50.1668 52.2497 62.2501 37.9997\n                         47.2501C23.5052 31.9927 5.5944 36.762 1.42773 38.9287\"\n                      stroke=\"#1D242A\" stroke-width=\"3\" stroke-dasharray=\"6 6\"\/>\n            <\/svg>\n\n            \n                <heyflow-wrapper flow-id=\"foerst-simulators\" dynamic-height scroll-up-on-navigation style-config='{\"width\": \"100%\"}'><\/heyflow-wrapper>            \n\n            \n\n            <svg class=\"heyflow__svg-bottom\" xmlns=\"http:\/\/www.w3.org\/2000\/svg\"\n                 width=\"142\" height=\"60\" viewBox=\"0 0 142 60\" fill=\"none\">\n                <path d=\"M36.3641 6.91351L8.68582 17.5586L0.777858 47.0715L47.1423 59.4948L55.0503 29.9819L36.3641\n                     6.91351ZM35.0864 11.6896L50.3231 30.5001L34.9371 35.8771L30.3255 29.5271L23.1562 32.7225L12.5167\n                     20.3699L35.0864 11.6896ZM10.9267 24.6502L19.3425 34.4213L6.81254 40.0046L10.9267 24.6502ZM6.59253\n                     44.4884L28.9931 34.4997L43.3982 54.3504L6.59253 44.4884ZM45.4496 50.3573L37.3894 39.259L49.5638\n                     35.003L45.4496 50.3573Z\"\n                      fill=\"#0064E0\"\/>\n                <path d=\"M50.1168 18.5849C68.2952 7.03954 86.2779 9.63929 98.1365\n                     31.4518C110.199 53.6385 135.668 41.1755 141.171 39.9581\"\n                      stroke=\"#1D242A\" stroke-width=\"3\" stroke-dasharray=\"6 6\"\/>\n            <\/svg>\n\n            <svg class=\"heyflow__svg-bottom-mob\" xmlns=\"http:\/\/www.w3.org\/2000\/svg\"\n                 width=\"118\" height=\"49\" viewBox=\"0 0 118 49\" fill=\"none\">\n                <path d=\"M30.3024 5.17207L7.2372 14.043L0.647238 38.637L39.2843 48.9898L45.8742 24.3957L30.3024\n                         5.17207ZM29.2377 9.15211L41.9349 24.8275L29.1133 29.3084L25.2703 24.0168L19.2958\n                         26.6795L10.4296 16.3857L29.2377 9.15211ZM9.10463 19.9526L16.1178 28.0952L5.67614\n                         32.7479L9.10463 19.9526ZM5.4928 36.4845L24.1599 28.1606L36.1642 44.7028L5.4928 36.4845ZM37.8737\n                         41.3752L31.1568 32.1267L41.3022 28.5799L37.8737 41.3752Z\"\n                      fill=\"#0064E0\"\/>\n                <path d=\"M41.7644 14.8982C56.913 5.27709 71.8986 7.44355 81.7807\n                         25.6206C91.8325 44.1096 113.057 33.7237 117.643 32.7093\"\n                      stroke=\"#1D242A\" stroke-width=\"3\" stroke-dasharray=\"6 6\"\/>\n            <\/svg>\n\n        <\/div>\n    <\/div>\n\n\n\n\n\n<div class=\"icon-cardshelf-container\"\n     >\n    <div class=\"icon-cardshelf-headlines\">\n\n        \n    <\/div>\n    <div class=\"icon-cardshelf-content\">\n\n        \n                <a                         class=\"icon-cardshelf-content__item\">\n                    <div>\n\n                        \n                    <\/div>\n                    <div class=\"icon-cardshelf-content__item_text\">\n                        <div>\n\n                                                            <h3>\n                                    Kostenersparnis bei der Ausbildung                                <\/h3>\n                            \n                                                            <p>\n                                    Reduzieren Sie die Kosten f\u00fcr echte Fahrzeugnutzung und Wartung durch den Einsatz von Fahrsimulatoren                                <\/p>\n                            \n                        <\/div>\n\n                        \n                    <\/div>\n                <\/a>\n\n            \n                <a                         class=\"icon-cardshelf-content__item\">\n                    <div>\n\n                        \n                    <\/div>\n                    <div class=\"icon-cardshelf-content__item_text\">\n                        <div>\n\n                                                            <h3>\n                                    Regelm\u00e4\u00dfige Updates                                <\/h3>\n                            \n                                                            <p>\n                                    Nach Kauf der Simulatoren profitieren Sie von unseren regelm\u00e4\u00dfigen Software-Updates                                <\/p>\n                            \n                        <\/div>\n\n                        \n                    <\/div>\n                <\/a>\n\n            \n                <a                         class=\"icon-cardshelf-content__item\">\n                    <div>\n\n                        \n                    <\/div>\n                    <div class=\"icon-cardshelf-content__item_text\">\n                        <div>\n\n                                                            <h3>\n                                    Nachhaltigkeit und Umweltfreundlichkeit                                <\/h3>\n                            \n                                                            <p>\n                                    Reduzieren Sie den CO2-Aussto\u00df und den Energieverbrauch, indem Sie den Einsatz von echten Fahrzeugen minimieren.                                <\/p>\n                            \n                        <\/div>\n\n                        \n                    <\/div>\n                <\/a>\n\n            \n                <a                         class=\"icon-cardshelf-content__item\">\n                    <div>\n\n                        \n                    <\/div>\n                    <div class=\"icon-cardshelf-content__item_text\">\n                        <div>\n\n                                                            <h3>\n                                    Zugang zu einem gro\u00dfen Netzwerk                                <\/h3>\n                            \n                                                            <p>\n                                    Verbinden Sie sich mit anderen Fahrschulen und Partnern, um Ressourcen effizient zu nutzen und Ihre Sch\u00fcler auf vielf\u00e4ltige Weise zu f\u00f6rdern                                <\/p>\n                            \n                        <\/div>\n\n                        \n                    <\/div>\n                <\/a>\n\n            \n    <\/div>\n<\/div>\n","protected":false},"excerpt":{"rendered":"","protected":false},"author":3,"featured_media":0,"parent":0,"menu_order":0,"comment_status":"closed","ping_status":"closed","template":"","meta":{"_acf_changed":false,"footnotes":""},"class_list":["post-867","page","type-page","status-publish","hentry"],"acf":[],"yoast_head":"<!-- This site is optimized with the Yoast SEO plugin v27.4 - https:\/\/yoast.com\/product\/yoast-seo-wordpress\/ -->\n<title>Fahrsimulator-angebot-anfragen - Foerst Website<\/title>\n<meta name=\"robots\" content=\"index, follow, max-snippet:-1, max-image-preview:large, max-video-preview:-1\" \/>\n<link rel=\"canonical\" href=\"https:\/\/www.foerst-simulators.com\/de\/fahrsimulator-angebot-anfragen\/\" \/>\n<meta property=\"og:locale\" content=\"de_DE\" \/>\n<meta property=\"og:type\" content=\"article\" \/>\n<meta property=\"og:title\" content=\"Fahrsimulator-angebot-anfragen - Foerst Website\" \/>\n<meta property=\"og:url\" content=\"https:\/\/www.foerst-simulators.com\/de\/fahrsimulator-angebot-anfragen\/\" \/>\n<meta property=\"og:site_name\" content=\"Foerst Website\" \/>\n<meta property=\"article:modified_time\" content=\"2025-04-14T14:27:53+00:00\" \/>\n<meta name=\"twitter:card\" content=\"summary_large_image\" \/>\n<script type=\"application\/ld+json\" class=\"yoast-schema-graph\">{\"@context\":\"https:\\\/\\\/schema.org\",\"@graph\":[{\"@type\":\"WebPage\",\"@id\":\"https:\\\/\\\/www.foerst-simulators.com\\\/en\\\/fahrsimulator-angebot-anfragen\",\"url\":\"https:\\\/\\\/www.foerst-simulators.com\\\/en\\\/fahrsimulator-angebot-anfragen\",\"name\":\"Fahrsimulator-angebot-anfragen - Foerst Website\",\"isPartOf\":{\"@id\":\"https:\\\/\\\/www.foerst-simulators.com\\\/de\\\/#website\"},\"datePublished\":\"2024-08-05T10:24:01+00:00\",\"dateModified\":\"2025-04-14T14:27:53+00:00\",\"breadcrumb\":{\"@id\":\"https:\\\/\\\/www.foerst-simulators.com\\\/en\\\/fahrsimulator-angebot-anfragen#breadcrumb\"},\"inLanguage\":\"de\",\"potentialAction\":[{\"@type\":\"ReadAction\",\"target\":[\"https:\\\/\\\/www.foerst-simulators.com\\\/en\\\/fahrsimulator-angebot-anfragen\"]}]},{\"@type\":\"BreadcrumbList\",\"@id\":\"https:\\\/\\\/www.foerst-simulators.com\\\/en\\\/fahrsimulator-angebot-anfragen#breadcrumb\",\"itemListElement\":[{\"@type\":\"ListItem\",\"position\":1,\"name\":\"Home\",\"item\":\"https:\\\/\\\/www.foerst-simulators.com\\\/\"},{\"@type\":\"ListItem\",\"position\":2,\"name\":\"Fahrsimulator-angebot-anfragen\"}]},{\"@type\":\"WebSite\",\"@id\":\"https:\\\/\\\/www.foerst-simulators.com\\\/de\\\/#website\",\"url\":\"https:\\\/\\\/www.foerst-simulators.com\\\/de\\\/\",\"name\":\"Foerst Website\",\"description\":\"\",\"potentialAction\":[{\"@type\":\"SearchAction\",\"target\":{\"@type\":\"EntryPoint\",\"urlTemplate\":\"https:\\\/\\\/www.foerst-simulators.com\\\/de\\\/?s={search_term_string}\"},\"query-input\":{\"@type\":\"PropertyValueSpecification\",\"valueRequired\":true,\"valueName\":\"search_term_string\"}}],\"inLanguage\":\"de\"}]}<\/script>\n<!-- \/ Yoast SEO plugin. -->","yoast_head_json":{"title":"Fahrsimulator-angebot-anfragen - Foerst Website","robots":{"index":"index","follow":"follow","max-snippet":"max-snippet:-1","max-image-preview":"max-image-preview:large","max-video-preview":"max-video-preview:-1"},"canonical":"https:\/\/www.foerst-simulators.com\/de\/fahrsimulator-angebot-anfragen\/","og_locale":"de_DE","og_type":"article","og_title":"Fahrsimulator-angebot-anfragen - Foerst Website","og_url":"https:\/\/www.foerst-simulators.com\/de\/fahrsimulator-angebot-anfragen\/","og_site_name":"Foerst Website","article_modified_time":"2025-04-14T14:27:53+00:00","twitter_card":"summary_large_image","schema":{"@context":"https:\/\/schema.org","@graph":[{"@type":"WebPage","@id":"https:\/\/www.foerst-simulators.com\/en\/fahrsimulator-angebot-anfragen","url":"https:\/\/www.foerst-simulators.com\/en\/fahrsimulator-angebot-anfragen","name":"Fahrsimulator-angebot-anfragen - Foerst Website","isPartOf":{"@id":"https:\/\/www.foerst-simulators.com\/de\/#website"},"datePublished":"2024-08-05T10:24:01+00:00","dateModified":"2025-04-14T14:27:53+00:00","breadcrumb":{"@id":"https:\/\/www.foerst-simulators.com\/en\/fahrsimulator-angebot-anfragen#breadcrumb"},"inLanguage":"de","potentialAction":[{"@type":"ReadAction","target":["https:\/\/www.foerst-simulators.com\/en\/fahrsimulator-angebot-anfragen"]}]},{"@type":"BreadcrumbList","@id":"https:\/\/www.foerst-simulators.com\/en\/fahrsimulator-angebot-anfragen#breadcrumb","itemListElement":[{"@type":"ListItem","position":1,"name":"Home","item":"https:\/\/www.foerst-simulators.com\/"},{"@type":"ListItem","position":2,"name":"Fahrsimulator-angebot-anfragen"}]},{"@type":"WebSite","@id":"https:\/\/www.foerst-simulators.com\/de\/#website","url":"https:\/\/www.foerst-simulators.com\/de\/","name":"Foerst Website","description":"","potentialAction":[{"@type":"SearchAction","target":{"@type":"EntryPoint","urlTemplate":"https:\/\/www.foerst-simulators.com\/de\/?s={search_term_string}"},"query-input":{"@type":"PropertyValueSpecification","valueRequired":true,"valueName":"search_term_string"}}],"inLanguage":"de"}]}},"_links":{"self":[{"href":"https:\/\/www.foerst-simulators.com\/de\/wp-json\/wp\/v2\/pages\/867","targetHints":{"allow":["GET"]}}],"collection":[{"href":"https:\/\/www.foerst-simulators.com\/de\/wp-json\/wp\/v2\/pages"}],"about":[{"href":"https:\/\/www.foerst-simulators.com\/de\/wp-json\/wp\/v2\/types\/page"}],"author":[{"embeddable":true,"href":"https:\/\/www.foerst-simulators.com\/de\/wp-json\/wp\/v2\/users\/3"}],"replies":[{"embeddable":true,"href":"https:\/\/www.foerst-simulators.com\/de\/wp-json\/wp\/v2\/comments?post=867"}],"version-history":[{"count":6,"href":"https:\/\/www.foerst-simulators.com\/de\/wp-json\/wp\/v2\/pages\/867\/revisions"}],"predecessor-version":[{"id":1663,"href":"https:\/\/www.foerst-simulators.com\/de\/wp-json\/wp\/v2\/pages\/867\/revisions\/1663"}],"wp:attachment":[{"href":"https:\/\/www.foerst-simulators.com\/de\/wp-json\/wp\/v2\/media?parent=867"}],"curies":[{"name":"wp","href":"https:\/\/api.w.org\/{rel}","templated":true}]}}