{"id":585,"date":"2024-07-22T14:21:56","date_gmt":"2024-07-22T14:21:56","guid":{"rendered":"https:\/\/www.foerst-simulators.com\/?page_id=585"},"modified":"2026-03-26T08:13:51","modified_gmt":"2026-03-26T08:13:51","slug":"imprint-2","status":"publish","type":"page","link":"https:\/\/www.foerst-simulators.com\/en\/impressum","title":{"rendered":"Imprint"},"content":{"rendered":"<div class=\"hero-module-container hero-module-only-header\"\n    >\n    <div class=\"hero-module-content hero-module-only-header\">\n\n        \n        <h1 class=\"\">\n            Imprint        <\/h1>\n\n        \n    <\/div>\n\n    \n<\/div>\n\n\n\n<p><br><\/p>\n\n\n\n<h2 class=\"wp-block-heading\">Foerst GmbH<\/h2>\n\n\n\n<p>Industrial area 5<br>51674 Wiehl - Germany<br><\/p>\n\n\n\n<p><strong>Tel: <\/strong><a href=\"tel:%E2%80%AD+49 2262 7539010%E2%80%AC\">+49 2262 7539010\u202c<\/a><br><strong>Fax: <\/strong>+49 2262 7297012<br><strong>Mail:<\/strong> <a href=\"mailto:info@fahrsimulatoren.eu\"><\/a><a href=\"mailto:contact@foerst-simulators.com\" target=\"_blank\" rel=\"noreferrer noopener\">contact@foerst-simulators.com<\/a><br><br><br><\/p>\n\n\n\n<p><strong>Gesch\u00e4ftsf\u00fchrer:<\/strong> Boris Polenske<br><strong>Commercial register:<\/strong> Amtsgericht Cologne HRB 38527<br><strong>VAT number: <\/strong>EN 122545431<\/p>\n\n\n\n<p><strong>Authorized representative:<\/strong> Boris Polenske<br><strong>Responsible for the content:<\/strong> Boris Polenske<br><br><\/p>\n\n\n\n<p><strong>Data Protection Officer: <\/strong>Dipl. Kfm. Christian M\u00fcller<br><strong>Mail:<\/strong> <a href=\"mailto:datenschutz@foerst-simulators.com\">datenschutz@foerst-simulators.com<\/a> <br><br><\/p>\n\n\n\n<h2 class=\"wp-block-heading\">Legal information<br><\/h2>\n\n\n\n<h2 class=\"wp-block-heading\">Disclaimer<\/h2>\n\n\n\n<p>Information on this website is provided without guarantee.<br><br><\/p>\n\n\n\n<h2 class=\"wp-block-heading\">Copyright<\/h2>\n\n\n\n<p>Texts, photographs, graphics and other content are protected by copyright.<\/p>\n\n\n\n<p>Picture credits:<\/p>\n\n\n\n<ul class=\"wp-block-list\">\n<li>FOERST GmbH<\/li>\n\n\n\n<li>32052801 Alexandr Mitiuc - Fotolia.com<\/li>\n\n\n\n<li>52756475 Dreadlock - Fotolia.com<\/li>\n\n\n\n<li>54933137 niroworld - Fotolia.com<\/li>\n<\/ul>\n\n\n\n<h2 class=\"wp-block-heading\">Liability for links <\/h2>\n\n\n\n<p>The listed external links lead to contents of external providers. The respective provider is solely responsible for this content. If we become aware of any legal infringements, these links will be removed immediately.<br><br><\/p>\n\n\n\n<p><\/p>","protected":false},"excerpt":{"rendered":"<p>Foerst GmbH Industriegel\u00e4nde 551674 Wiehl Tel.: +49 2262 7539010\u202cFax: +49 2262 7297012E-Mail: contact@foerst-simulators.com Gesch\u00e4ftsf\u00fchrer: Boris PolenskeHandelsregister: Amtsgericht K\u00f6ln HRB 38527USt-IdNr.: DE 122545431 Vertretungsberechtigter: Boris PolenskeInhaltlich Verantwortlicher: Boris Polenske Datenschutzbeauftragter: Dipl. Kfm. Christian M\u00fcllerE-Mail: datenschutz@foerst-simulators.com Rechtliche Hinweise Haftungshinweis Angaben auf dieser Webseite erfolgen ohne Gew\u00e4hr. Urheberrecht Texte, Fotografien und Grafiken sowie die sonstigen Inhalte sind urheberrechtlich [&hellip;]<\/p>\n","protected":false},"author":3,"featured_media":0,"parent":0,"menu_order":0,"comment_status":"closed","ping_status":"closed","template":"","meta":{"_acf_changed":false,"footnotes":""},"class_list":["post-585","page","type-page","status-publish","hentry"],"acf":[],"yoast_head":"<!-- This site is optimized with the Yoast SEO plugin v27.4 - https:\/\/yoast.com\/product\/yoast-seo-wordpress\/ -->\n<title>Impressum \u2013 Foerst Fahrsimulatoren<\/title>\n<meta name=\"description\" content=\"Alle rechtlichen Informationen \u00fcber die Foerst GmbH. Kontaktinformationen &amp; Verantwortlichkeiten auf einen Blick.\" \/>\n<meta name=\"robots\" content=\"index, follow, max-snippet:-1, max-image-preview:large, max-video-preview:-1\" \/>\n<link rel=\"canonical\" href=\"https:\/\/www.foerst-simulators.com\/en\/imprint-2\/\" \/>\n<meta property=\"og:locale\" content=\"en_US\" \/>\n<meta property=\"og:type\" content=\"article\" \/>\n<meta property=\"og:title\" content=\"Impressum \u2013 Foerst Fahrsimulatoren\" \/>\n<meta property=\"og:description\" content=\"Alle rechtlichen Informationen \u00fcber die Foerst GmbH. Kontaktinformationen &amp; Verantwortlichkeiten auf einen Blick.\" \/>\n<meta property=\"og:url\" content=\"https:\/\/www.foerst-simulators.com\/en\/imprint-2\/\" \/>\n<meta property=\"og:site_name\" content=\"Foerst Website\" \/>\n<meta property=\"article:modified_time\" content=\"2026-03-26T08:13:51+00:00\" \/>\n<meta name=\"twitter:card\" content=\"summary_large_image\" \/>\n<meta name=\"twitter:label1\" content=\"Est. reading time\" \/>\n\t<meta name=\"twitter:data1\" content=\"1 minute\" \/>\n<script type=\"application\/ld+json\" class=\"yoast-schema-graph\">{\"@context\":\"https:\\\/\\\/schema.org\",\"@graph\":[{\"@type\":\"WebPage\",\"@id\":\"https:\\\/\\\/www.foerst-simulators.com\\\/impressum\",\"url\":\"https:\\\/\\\/www.foerst-simulators.com\\\/impressum\",\"name\":\"Impressum \u2013 Foerst Fahrsimulatoren\",\"isPartOf\":{\"@id\":\"https:\\\/\\\/www.foerst-simulators.com\\\/de\\\/#website\"},\"datePublished\":\"2024-07-22T14:21:56+00:00\",\"dateModified\":\"2026-03-26T08:13:51+00:00\",\"description\":\"Alle rechtlichen Informationen \u00fcber die Foerst GmbH. Kontaktinformationen & Verantwortlichkeiten auf einen Blick.\",\"breadcrumb\":{\"@id\":\"https:\\\/\\\/www.foerst-simulators.com\\\/impressum#breadcrumb\"},\"inLanguage\":\"en-US\",\"potentialAction\":[{\"@type\":\"ReadAction\",\"target\":[\"https:\\\/\\\/www.foerst-simulators.com\\\/impressum\"]}]},{\"@type\":\"BreadcrumbList\",\"@id\":\"https:\\\/\\\/www.foerst-simulators.com\\\/impressum#breadcrumb\",\"itemListElement\":[{\"@type\":\"ListItem\",\"position\":1,\"name\":\"Home\",\"item\":\"https:\\\/\\\/www.foerst-simulators.com\\\/\"},{\"@type\":\"ListItem\",\"position\":2,\"name\":\"Impressum\"}]},{\"@type\":\"WebSite\",\"@id\":\"https:\\\/\\\/www.foerst-simulators.com\\\/de\\\/#website\",\"url\":\"https:\\\/\\\/www.foerst-simulators.com\\\/de\\\/\",\"name\":\"Foerst Website\",\"description\":\"\",\"potentialAction\":[{\"@type\":\"SearchAction\",\"target\":{\"@type\":\"EntryPoint\",\"urlTemplate\":\"https:\\\/\\\/www.foerst-simulators.com\\\/de\\\/?s={search_term_string}\"},\"query-input\":{\"@type\":\"PropertyValueSpecification\",\"valueRequired\":true,\"valueName\":\"search_term_string\"}}],\"inLanguage\":\"en-US\"}]}<\/script>\n<!-- \/ Yoast SEO plugin. -->","yoast_head_json":{"title":"Imprint - Foerst driving simulators","description":"All legal information about Foerst GmbH. Contact information &amp; responsibilities at a glance.","robots":{"index":"index","follow":"follow","max-snippet":"max-snippet:-1","max-image-preview":"max-image-preview:large","max-video-preview":"max-video-preview:-1"},"canonical":"https:\/\/www.foerst-simulators.com\/en\/imprint-2\/","og_locale":"en_US","og_type":"article","og_title":"Impressum \u2013 Foerst Fahrsimulatoren","og_description":"Alle rechtlichen Informationen \u00fcber die Foerst GmbH. Kontaktinformationen & Verantwortlichkeiten auf einen Blick.","og_url":"https:\/\/www.foerst-simulators.com\/en\/imprint-2\/","og_site_name":"Foerst Website","article_modified_time":"2026-03-26T08:13:51+00:00","twitter_card":"summary_large_image","twitter_misc":{"Est. reading time":"1 minute"},"schema":{"@context":"https:\/\/schema.org","@graph":[{"@type":"WebPage","@id":"https:\/\/www.foerst-simulators.com\/impressum","url":"https:\/\/www.foerst-simulators.com\/impressum","name":"Imprint - Foerst driving simulators","isPartOf":{"@id":"https:\/\/www.foerst-simulators.com\/de\/#website"},"datePublished":"2024-07-22T14:21:56+00:00","dateModified":"2026-03-26T08:13:51+00:00","description":"All legal information about Foerst GmbH. Contact information &amp; responsibilities at a glance.","breadcrumb":{"@id":"https:\/\/www.foerst-simulators.com\/impressum#breadcrumb"},"inLanguage":"en-US","potentialAction":[{"@type":"ReadAction","target":["https:\/\/www.foerst-simulators.com\/impressum"]}]},{"@type":"BreadcrumbList","@id":"https:\/\/www.foerst-simulators.com\/impressum#breadcrumb","itemListElement":[{"@type":"ListItem","position":1,"name":"Home","item":"https:\/\/www.foerst-simulators.com\/"},{"@type":"ListItem","position":2,"name":"Impressum"}]},{"@type":"WebSite","@id":"https:\/\/www.foerst-simulators.com\/de\/#website","url":"https:\/\/www.foerst-simulators.com\/de\/","name":"Foerst Website","description":"","potentialAction":[{"@type":"SearchAction","target":{"@type":"EntryPoint","urlTemplate":"https:\/\/www.foerst-simulators.com\/de\/?s={search_term_string}"},"query-input":{"@type":"PropertyValueSpecification","valueRequired":true,"valueName":"search_term_string"}}],"inLanguage":"en-US"}]}},"_links":{"self":[{"href":"https:\/\/www.foerst-simulators.com\/en\/wp-json\/wp\/v2\/pages\/585","targetHints":{"allow":["GET"]}}],"collection":[{"href":"https:\/\/www.foerst-simulators.com\/en\/wp-json\/wp\/v2\/pages"}],"about":[{"href":"https:\/\/www.foerst-simulators.com\/en\/wp-json\/wp\/v2\/types\/page"}],"author":[{"embeddable":true,"href":"https:\/\/www.foerst-simulators.com\/en\/wp-json\/wp\/v2\/users\/3"}],"replies":[{"embeddable":true,"href":"https:\/\/www.foerst-simulators.com\/en\/wp-json\/wp\/v2\/comments?post=585"}],"version-history":[{"count":43,"href":"https:\/\/www.foerst-simulators.com\/en\/wp-json\/wp\/v2\/pages\/585\/revisions"}],"predecessor-version":[{"id":2174,"href":"https:\/\/www.foerst-simulators.com\/en\/wp-json\/wp\/v2\/pages\/585\/revisions\/2174"}],"wp:attachment":[{"href":"https:\/\/www.foerst-simulators.com\/en\/wp-json\/wp\/v2\/media?parent=585"}],"curies":[{"name":"wp","href":"https:\/\/api.w.org\/{rel}","templated":true}]}}